{"id":89033,"date":"2025-09-09T18:12:44","date_gmt":"2025-09-09T18:12:44","guid":{"rendered":"https:\/\/mathieucorajod.com\/?page_id=89033"},"modified":"2025-09-09T18:21:56","modified_gmt":"2025-09-09T18:21:56","slug":"biographie-courte","status":"publish","type":"page","link":"https:\/\/mathieucorajod.com\/fr\/biographie-courte\/","title":{"rendered":"Biographie courte"},"content":{"rendered":"<p>[et_pb_section fb_built=\u00a0\u00bb1&Prime; custom_padding_last_edited=\u00a0\u00bbon|phone\u00a0\u00bb _builder_version=\u00a0\u00bb4.27.4&Prime; _module_preset=\u00a0\u00bbdefault\u00a0\u00bb custom_margin=\u00a0\u00bb0px||0px||false|false\u00a0\u00bb custom_padding=\u00a0\u00bb55px|40px|58px|40px|false|true\u00a0\u00bb custom_padding_tablet=\u00a0\u00bb|40px||40px|false|false\u00a0\u00bb custom_padding_phone=\u00a0\u00bb|20px||20px|false|false\u00a0\u00bb locked=\u00a0\u00bboff\u00a0\u00bb global_colors_info=\u00a0\u00bb{}\u00a0\u00bb][et_pb_row _builder_version=\u00a0\u00bb4.24.0&Prime; _module_preset=\u00a0\u00bbdefault\u00a0\u00bb width=\u00a0\u00bb100%\u00a0\u00bb max_width=\u00a0\u00bb100%\u00a0\u00bb custom_margin=\u00a0\u00bb0px||50px||false|false\u00a0\u00bb custom_margin_tablet=\u00a0\u00bb0px||50px||false|false\u00a0\u00bb custom_margin_phone=\u00a0\u00bb0px||45px||false|false\u00a0\u00bb custom_margin_last_edited=\u00a0\u00bbon|phone\u00a0\u00bb custom_padding=\u00a0\u00bb0px||10px||false|false\u00a0\u00bb border_width_bottom=\u00a0\u00bb3px\u00a0\u00bb border_color_bottom=\u00a0\u00bb#000000&Prime; global_colors_info=\u00a0\u00bb{}\u00a0\u00bb][et_pb_column type=\u00a0\u00bb4_4&Prime; _builder_version=\u00a0\u00bb4.24.0&Prime; _module_preset=\u00a0\u00bbdefault\u00a0\u00bb global_colors_info=\u00a0\u00bb{}\u00a0\u00bb][et_pb_text _builder_version=\u00a0\u00bb4.27.4&Prime; _module_preset=\u00a0\u00bbdefault\u00a0\u00bb header_font=\u00a0\u00bbAlbert Sans|600|||||||\u00a0\u00bb header_text_align=\u00a0\u00bbleft\u00a0\u00bb header_text_color=\u00a0\u00bb#000000&Prime; header_font_size=\u00a0\u00bb79px\u00a0\u00bb header_letter_spacing=\u00a0\u00bb-3px\u00a0\u00bb header_line_height=\u00a0\u00bb1.2em\u00a0\u00bb header_2_font=\u00a0\u00bbAlbert Sans|600|||||||\u00a0\u00bb header_2_text_align=\u00a0\u00bbleft\u00a0\u00bb header_2_text_color=\u00a0\u00bb#000000&Prime; header_2_font_size=\u00a0\u00bb79px\u00a0\u00bb header_2_letter_spacing=\u00a0\u00bb-3px\u00a0\u00bb header_2_line_height=\u00a0\u00bb1.2em\u00a0\u00bb custom_margin=\u00a0\u00bb0px||0px||false|false\u00a0\u00bb custom_padding=\u00a0\u00bb0px||0px||false|false\u00a0\u00bb header_font_size_tablet=\u00a0\u00bb60px\u00a0\u00bb header_font_size_phone=\u00a0\u00bb34px\u00a0\u00bb header_font_size_last_edited=\u00a0\u00bbon|tablet\u00a0\u00bb header_letter_spacing_tablet=\u00a0\u00bb-3px\u00a0\u00bb header_letter_spacing_phone=\u00a0\u00bb-2px\u00a0\u00bb header_letter_spacing_last_edited=\u00a0\u00bbon|phone\u00a0\u00bb header_2_font_size_tablet=\u00a0\u00bb60px\u00a0\u00bb header_2_font_size_phone=\u00a0\u00bb30px\u00a0\u00bb header_2_font_size_last_edited=\u00a0\u00bbon|tablet\u00a0\u00bb global_colors_info=\u00a0\u00bb{}\u00a0\u00bb]<\/p>\n<h1>Biographie courte<\/h1>\n<p>[\/et_pb_text][\/et_pb_column][\/et_pb_row][et_pb_row use_custom_gutter=\u00a0\u00bbon\u00a0\u00bb gutter_width=\u00a0\u00bb2&Prime; _builder_version=\u00a0\u00bb4.27.4&Prime; _module_preset=\u00a0\u00bbdefault\u00a0\u00bb width=\u00a0\u00bb100%\u00a0\u00bb max_width=\u00a0\u00bb1200px\u00a0\u00bb module_alignment=\u00a0\u00bbright\u00a0\u00bb custom_margin=\u00a0\u00bb0px|auto|5px|auto|false|false\u00a0\u00bb custom_margin_tablet=\u00a0\u00bb0px||||false|false\u00a0\u00bb custom_margin_phone=\u00a0\u00bb||||false|false\u00a0\u00bb custom_margin_last_edited=\u00a0\u00bbon|desktop\u00a0\u00bb custom_padding=\u00a0\u00bb0px||0px||false|false\u00a0\u00bb global_colors_info=\u00a0\u00bb{}\u00a0\u00bb][et_pb_column type=\u00a0\u00bb4_4&Prime; _builder_version=\u00a0\u00bb4.27.4&Prime; _module_preset=\u00a0\u00bbdefault\u00a0\u00bb global_colors_info=\u00a0\u00bb{}\u00a0\u00bb][et_pb_text disabled_on=\u00a0\u00bbon|on|on\u00a0\u00bb _builder_version=\u00a0\u00bb4.27.4&Prime; _module_preset=\u00a0\u00bbdefault\u00a0\u00bb text_font=\u00a0\u00bbRoboto Flex||||||||\u00a0\u00bb text_text_color=\u00a0\u00bb#000000&Prime; text_font_size=\u00a0\u00bb23px\u00a0\u00bb text_line_height=\u00a0\u00bb1.4em\u00a0\u00bb custom_margin=\u00a0\u00bb0px||0px||false|false\u00a0\u00bb custom_padding=\u00a0\u00bb0px||10px||false|false\u00a0\u00bb disabled=\u00a0\u00bbon\u00a0\u00bb global_colors_info=\u00a0\u00bb{}\u00a0\u00bb]<\/p>\n<p>Collaborations :<\/p>\n<p>[\/et_pb_text][et_pb_accordion open_toggle_text_color=\u00a0\u00bb#000000&Prime; open_toggle_background_color=\u00a0\u00bb#FFFFFF\u00a0\u00bb closed_toggle_background_color=\u00a0\u00bb#FFFFFF\u00a0\u00bb toggle_icon=\u00a0\u00bb&#xf067;||fa||900&Prime; icon_color=\u00a0\u00bb#000000&Prime; use_icon_font_size=\u00a0\u00bbon\u00a0\u00bb icon_font_size=\u00a0\u00bb18px\u00a0\u00bb module_class=\u00a0\u00bbmy_accordion my_accordion_close\u00a0\u00bb _builder_version=\u00a0\u00bb4.27.4&Prime; _module_preset=\u00a0\u00bbdefault\u00a0\u00bb toggle_text_color=\u00a0\u00bb#000000&Prime; toggle_level=\u00a0\u00bbh2&Prime; toggle_font=\u00a0\u00bbAlbert Sans|700|||||||\u00a0\u00bb toggle_font_size=\u00a0\u00bb32px\u00a0\u00bb body_font=\u00a0\u00bbRoboto Flex|&#8211;et_global_body_font_weight|||||||\u00a0\u00bb body_text_color=\u00a0\u00bb#000000&Prime; custom_margin=\u00a0\u00bb||||false|false\u00a0\u00bb hover_enabled=\u00a0\u00bb0&Prime; toggle_font_size_tablet=\u00a0\u00bb32px\u00a0\u00bb toggle_font_size_phone=\u00a0\u00bb24px\u00a0\u00bb toggle_font_size_last_edited=\u00a0\u00bbon|phone\u00a0\u00bb custom_css_free_form=\u00a0\u00bb.my_accordion h3 {font-size:15px!important;margin-bottom:0px!important;margin-top:20px;}\u00a0\u00bb global_colors_info=\u00a0\u00bb{}\u00a0\u00bb sticky_enabled=\u00a0\u00bb0&Prime;][et_pb_accordion_item title=\u00a0\u00bbFR\u00a0\u00bb open=\u00a0\u00bbon\u00a0\u00bb _builder_version=\u00a0\u00bb4.27.4&Prime; _module_preset=\u00a0\u00bbdefault\u00a0\u00bb body_font=\u00a0\u00bbRoboto Flex|&#8211;et_global_body_font_weight|||||||\u00a0\u00bb body_link_text_color=\u00a0\u00bb#545454&Prime; global_colors_info=\u00a0\u00bb{}\u00a0\u00bb]<\/p>\n<p>Compositeur et metteur en sc\u00e8ne franco-suisse n\u00e9 en 1989, Mathieu Corajod con\u00e7oit chaque \u0153uvre comme une exp\u00e9rience artistique qui d\u00e9fie les conventions, \u00e9veille les sens, cr\u00e9e du lien et suscite des questionnements. Il travaille avec les instruments, la voix, le corps, l\u2019espace et les technologies. Ses cr\u00e9ations prennent des formes multiples : allant des pi\u00e8ces musicales (instrumentales, \u00e9lectroniques, mixtes) aux productions chor\u00e9graphiques, th\u00e9\u00e2trales ou po\u00e9tiques, imagin\u00e9es d\u00e8s le d\u00e9part dans leur rapport au son. Dans une relation \u00e9troite avec le contexte de leur cr\u00e9ation, ses \u0153uvres int\u00e8grent souvent une dimension collaborative et inclusive essentielle \u00e0 la mani\u00e8re dont elles sont pr\u00e9sent\u00e9es et partag\u00e9es.<\/p>\n<p>Apr\u00e8s des \u00e9tudes \u00e0 la Haute \u00e9cole des arts de Berne (HKB), \u00e0 l\u2019Universit\u00e9 de Berne et \u00e0 l\u2019IRCAM (Cursus 18-19), il fonde en 2020 son propre ensemble interdisciplinaire, la Compagnie Mixt Forma, qui se produit notamment \u00e0 la Grande Salle du Centre Pompidou lors du Festival Manifeste \u00e0 Paris. En 2022, il compose et met en sc\u00e8ne son premier op\u00e9ra, command\u00e9 par l\u2019Op\u00e9ra national de Lorraine et le festival Musica, v\u00e9ritable laboratoire de cr\u00e9ation lyrique en plein air allant \u00e0 la rencontre des citadins. Il est \u00e9galement laur\u00e9at, en duo avec le danseur Pierre Lison, de la commission danse pour chor\u00e9graphes \u00e9mergents de l\u2019association Beaumarchais-SACD et boursier de la fondation Nicati-de Luze ainsi que des commissions artistiques des cantons de Berne (Atelier \u00e0 la Cit\u00e9 internationale des arts) et d\u2019Argovie (Werkbeitrag). Ses \u0153uvres ont \u00e9t\u00e9 command\u00e9es et interpr\u00e9t\u00e9es par des ensembles et musicien-ne-s tels que : Ensemble Divertimento, Ensemble Adapter, Ensemble Interface, Ensemble soyuz21, l\u2019Orchestre de Chambre de Berne, Duo Eventuell, Duo Alto et Duet 2.26. Depuis 2015, il a occup\u00e9 diff\u00e9rentes positions \u00e0 la HKB (assistant, curateur, chercheur, professeur invit\u00e9) et consacre actuellement sa th\u00e8se de doctorat au compositeur et linguiste Hans W\u00fcthrich.<\/p>\n<p>[\/et_pb_accordion_item][et_pb_accordion_item title=\u00a0\u00bbDE\u00a0\u00bb _builder_version=\u00a0\u00bb4.27.4&Prime; _module_preset=\u00a0\u00bbdefault\u00a0\u00bb body_font=\u00a0\u00bbRoboto Flex|&#8211;et_global_body_font_weight|||||||\u00a0\u00bb body_link_text_color=\u00a0\u00bb#545454&Prime; global_colors_info=\u00a0\u00bb{}\u00a0\u00bb open=\u00a0\u00bboff\u00a0\u00bb]<\/p>\n<p>Mathieu Corajod, franz\u00f6sisch-schweizerischer Komponist und Regisseur, geboren 1989, versteht jedes seiner Werke als k\u00fcnstlerisches Experiment, das Konventionen in Frage stellt, die Sinne weckt, Verbindungen schafft und Fragen aufwirft. Er arbeitet mit Instrumenten, Stimme, K\u00f6rper, Raum und Technologien. Seine Kreationen nehmen vielf\u00e4ltige Formen an: von musikalischen St\u00fccken (instrumental, elektronisch, gemischte Besetzung) bis hin zu choreografischen, theatralischen oder poetischen Produktionen, die von Anfang an in ihrer Beziehung zum Klang konzipiert sind. In enger Verbindung mit dem Kontext ihrer Entstehung integrieren seine Werke oft eine kollaborative und integrative Dimension, die f\u00fcr die Art und Weise, wie sie pr\u00e4sentiert und geteilt werden, von wesentlicher Bedeutung ist.<br \/>Nach seinem Studium an der Hochschule der K\u00fcnste Bern (HKB), der Universit\u00e4t Bern und dem IRCAM (Cursus 18-19) gr\u00fcndete er 2020 sein eigenes interdisziplin\u00e4res Ensemble, die Compagnie Mixt Forma, die unter anderem im Grande Salle des Centre Pompidou w\u00e4hrend des Festival Manifeste in Paris auftritt. Im Jahr 2022 komponiert und inszeniert er seine erste Oper, die von der Op\u00e9ra national de Lorraine und dem Festival Musica in Auftrag gegeben wurde, einem wahren Laboratorium f\u00fcr lyrische Kreationen unter freiem Himmel, das die StadtbewohnerInnen anspricht. Zusammen mit dem T\u00e4nzer Pierre Lison ist er Preistr\u00e4ger der Tanzkommission f\u00fcr aufstrebende Choreografen der Vereinigung Beaumarchais-SACD und Stipendiat der Stiftung Nicati-de Luze sowie der Kunstkommissionen der Kantone Bern (Atelier in der Cit\u00e9 internationale des arts) und Aargau (Werkbeitrag). Seine Werke wurden von Ensembles und Musikern wie dem Ensemble Divertimento, dem Ensemble Adapter, dem Ensemble Interface, dem Ensemble soyuz21, dem Berner Kammerorchester, dem Duo Eventuell, dem Duo Alto und dem Duet 2.26 in Auftrag gegeben und aufgef\u00fchrt. Seit 2015 hatte er verschiedene Positionen an der HKB inne (Assistent, Kurator, Forscher, Gastdozent) und widmet sich derzeit seiner Doktorarbeit \u00fcber den Komponisten und Linguisten Hans W\u00fcthrich.<\/p>\n<p>[\/et_pb_accordion_item][et_pb_accordion_item title=\u00a0\u00bbEN\u00a0\u00bb _builder_version=\u00a0\u00bb4.27.4&Prime; _module_preset=\u00a0\u00bbdefault\u00a0\u00bb body_font=\u00a0\u00bbRoboto Flex|&#8211;et_global_body_font_weight|||||||\u00a0\u00bb body_link_text_color=\u00a0\u00bb#545454&Prime; global_colors_info=\u00a0\u00bb{}\u00a0\u00bb open=\u00a0\u00bboff\u00a0\u00bb]<\/p>\n<p>Mathieu Corajod, born in 1989, is a Swiss-French composer and director who conceives each work as an artistic experience that challenges conventions, awakens the senses, creates connections and raises questions. He works with instruments, voice, body, space and technology. His creations take many forms, ranging from musical pieces (instrumental, electronic) to choreographic, theatrical or poetic productions, conceived from the outset in relation to sound. Closely linked to the context of their creation, his works often incorporate a collaborative and inclusive dimension that is essential to the way they are presented and shared.<br \/>After studying at the Bern University of the Arts (HKB), the University of Bern and IRCAM (Cursus 18-19), he founded his own interdisciplinary ensemble, Compagnie Mixt Forma, in 2020, which performed at the Grande Salle du Centre Pompidou during the Manifeste Festival in Paris. In 2022, he composed and directed his first opera, commissioned by the Op\u00e9ra national de Lorraine and the Musica festival, a veritable laboratory for outdoor lyrical creation that reaches out to city dwellers. He is also the winner, in duo with dancer Pierre Lison, of the dance commission for emerging choreographers from the Beaumarchais-SACD association and a grant holder from the Nicati-de Luze foundation as well as the artistic commissions of the cantons of Bern (Atelier \u00e0 la Cit\u00e9 internationale des arts) and Aargau (Werkbeitrag). His works have been commissioned and performed by ensembles and musicians such as: Ensemble Divertimento, Ensemble Adapter, Ensemble Interface, Ensemble soyuz21, the Bern Chamber Orchestra, Duo Eventuell, Duo Alto and Duet 2.26. Since 2015, he has held various positions at the HKB (assistant, curator, researcher, guest lecturer) and is currently working on his doctoral thesis on the composer and linguist Hans W\u00fcthrich.<\/p>\n<p>[\/et_pb_accordion_item][\/et_pb_accordion][\/et_pb_column][\/et_pb_row][\/et_pb_section]<\/p>\n","protected":false},"excerpt":{"rendered":"<p>Biographie courteCollaborations :Compositeur et metteur en sc\u00e8ne franco-suisse n\u00e9 en 1989, Mathieu Corajod con\u00e7oit chaque \u0153uvre comme une exp\u00e9rience artistique qui d\u00e9fie les conventions, \u00e9veille les sens, cr\u00e9e du lien et suscite des questionnements. Il travaille avec les instruments, la voix, le corps, l\u2019espace et les technologies. Ses cr\u00e9ations prennent des formes multiples : allant des pi\u00e8ces musicales (instrumentales, \u00e9lectroniques, mixtes) aux productions chor\u00e9graphiques, th\u00e9\u00e2trales ou po\u00e9tiques, imagin\u00e9es d\u00e8s le d\u00e9part dans leur rapport au son. Dans une relation \u00e9troite avec le contexte de leur cr\u00e9ation, ses \u0153uvres int\u00e8grent souvent une dimension collaborative et inclusive essentielle \u00e0 la mani\u00e8re dont elles sont pr\u00e9sent\u00e9es et partag\u00e9es. Apr\u00e8s des \u00e9tudes \u00e0 la Haute \u00e9cole des arts de Berne (HKB), \u00e0 l\u2019Universit\u00e9 de Berne et \u00e0 l\u2019IRCAM (Cursus 18-19), il fonde en 2020 son propre ensemble interdisciplinaire, la Compagnie Mixt Forma, qui se produit notamment \u00e0 la Grande Salle du Centre Pompidou lors du Festival Manifeste \u00e0 Paris. En 2022, il compose et met en sc\u00e8ne son premier op\u00e9ra, command\u00e9 par l\u2019Op\u00e9ra national de Lorraine et le festival Musica, v\u00e9ritable laboratoire de cr\u00e9ation lyrique en plein air allant \u00e0 la rencontre des citadins. Il est \u00e9galement laur\u00e9at, en duo avec le danseur Pierre [&hellip;]<\/p>\n","protected":false},"author":2,"featured_media":0,"parent":0,"menu_order":0,"comment_status":"closed","ping_status":"closed","template":"","meta":{"_et_pb_use_builder":"on","_et_pb_old_content":"","_et_gb_content_width":"","footnotes":""},"class_list":["post-89033","page","type-page","status-publish","hentry"],"yoast_head":"<!-- This site is optimized with the Yoast SEO plugin v27.4 - https:\/\/yoast.com\/product\/yoast-seo-wordpress\/ -->\n<title>Biographie courte - Mathieu Corajod<\/title>\n<meta name=\"robots\" content=\"index, follow, max-snippet:-1, max-image-preview:large, max-video-preview:-1\" \/>\n<link rel=\"canonical\" href=\"https:\/\/mathieucorajod.com\/fr\/biographie-courte\/\" \/>\n<meta property=\"og:locale\" content=\"fr_FR\" \/>\n<meta property=\"og:type\" content=\"article\" \/>\n<meta property=\"og:title\" content=\"Biographie courte - Mathieu Corajod\" \/>\n<meta property=\"og:description\" content=\"Biographie courteCollaborations :Compositeur et metteur en sc\u00e8ne franco-suisse n\u00e9 en 1989, Mathieu Corajod con\u00e7oit chaque \u0153uvre comme une exp\u00e9rience artistique qui d\u00e9fie les conventions, \u00e9veille les sens, cr\u00e9e du lien et suscite des questionnements. Il travaille avec les instruments, la voix, le corps, l\u2019espace et les technologies. Ses cr\u00e9ations prennent des formes multiples : allant des pi\u00e8ces musicales (instrumentales, \u00e9lectroniques, mixtes) aux productions chor\u00e9graphiques, th\u00e9\u00e2trales ou po\u00e9tiques, imagin\u00e9es d\u00e8s le d\u00e9part dans leur rapport au son. Dans une relation \u00e9troite avec le contexte de leur cr\u00e9ation, ses \u0153uvres int\u00e8grent souvent une dimension collaborative et inclusive essentielle \u00e0 la mani\u00e8re dont elles sont pr\u00e9sent\u00e9es et partag\u00e9es. Apr\u00e8s des \u00e9tudes \u00e0 la Haute \u00e9cole des arts de Berne (HKB), \u00e0 l\u2019Universit\u00e9 de Berne et \u00e0 l\u2019IRCAM (Cursus 18-19), il fonde en 2020 son propre ensemble interdisciplinaire, la Compagnie Mixt Forma, qui se produit notamment \u00e0 la Grande Salle du Centre Pompidou lors du Festival Manifeste \u00e0 Paris. En 2022, il compose et met en sc\u00e8ne son premier op\u00e9ra, command\u00e9 par l\u2019Op\u00e9ra national de Lorraine et le festival Musica, v\u00e9ritable laboratoire de cr\u00e9ation lyrique en plein air allant \u00e0 la rencontre des citadins. Il est \u00e9galement laur\u00e9at, en duo avec le danseur Pierre [&hellip;]\" \/>\n<meta property=\"og:url\" content=\"https:\/\/mathieucorajod.com\/fr\/biographie-courte\/\" \/>\n<meta property=\"og:site_name\" content=\"Mathieu Corajod\" \/>\n<meta property=\"article:publisher\" content=\"https:\/\/www.facebook.com\/mathieucorajod\" \/>\n<meta property=\"article:modified_time\" content=\"2025-09-09T18:21:56+00:00\" \/>\n<meta name=\"twitter:card\" content=\"summary_large_image\" \/>\n<script type=\"application\/ld+json\" class=\"yoast-schema-graph\">{\"@context\":\"https:\\\/\\\/schema.org\",\"@graph\":[{\"@type\":\"WebPage\",\"@id\":\"https:\\\/\\\/mathieucorajod.com\\\/fr\\\/biographie-courte\\\/\",\"url\":\"https:\\\/\\\/mathieucorajod.com\\\/fr\\\/biographie-courte\\\/\",\"name\":\"Biographie courte - Mathieu Corajod\",\"isPartOf\":{\"@id\":\"https:\\\/\\\/mathieucorajod.com\\\/fr\\\/#website\"},\"datePublished\":\"2025-09-09T18:12:44+00:00\",\"dateModified\":\"2025-09-09T18:21:56+00:00\",\"breadcrumb\":{\"@id\":\"https:\\\/\\\/mathieucorajod.com\\\/fr\\\/biographie-courte\\\/#breadcrumb\"},\"inLanguage\":\"fr-FR\",\"potentialAction\":[{\"@type\":\"ReadAction\",\"target\":[\"https:\\\/\\\/mathieucorajod.com\\\/fr\\\/biographie-courte\\\/\"]}]},{\"@type\":\"BreadcrumbList\",\"@id\":\"https:\\\/\\\/mathieucorajod.com\\\/fr\\\/biographie-courte\\\/#breadcrumb\",\"itemListElement\":[{\"@type\":\"ListItem\",\"position\":1,\"name\":\"Accueil\",\"item\":\"https:\\\/\\\/mathieucorajod.com\\\/fr\\\/\"},{\"@type\":\"ListItem\",\"position\":2,\"name\":\"Biographie courte\"}]},{\"@type\":\"WebSite\",\"@id\":\"https:\\\/\\\/mathieucorajod.com\\\/fr\\\/#website\",\"url\":\"https:\\\/\\\/mathieucorajod.com\\\/fr\\\/\",\"name\":\"Mathieu Corajod\",\"description\":\"Compositeur, metteur en sc\u00e8ne et chor\u00e9graphe franco-suisse.\",\"publisher\":{\"@id\":\"https:\\\/\\\/mathieucorajod.com\\\/fr\\\/#organization\"},\"potentialAction\":[{\"@type\":\"SearchAction\",\"target\":{\"@type\":\"EntryPoint\",\"urlTemplate\":\"https:\\\/\\\/mathieucorajod.com\\\/fr\\\/?s={search_term_string}\"},\"query-input\":{\"@type\":\"PropertyValueSpecification\",\"valueRequired\":true,\"valueName\":\"search_term_string\"}}],\"inLanguage\":\"fr-FR\"},{\"@type\":\"Organization\",\"@id\":\"https:\\\/\\\/mathieucorajod.com\\\/fr\\\/#organization\",\"name\":\"Mathieu Corajod\",\"url\":\"https:\\\/\\\/mathieucorajod.com\\\/fr\\\/\",\"logo\":{\"@type\":\"ImageObject\",\"inLanguage\":\"fr-FR\",\"@id\":\"https:\\\/\\\/mathieucorajod.com\\\/fr\\\/#\\\/schema\\\/logo\\\/image\\\/\",\"url\":\"https:\\\/\\\/mathieucorajod.com\\\/wp-content\\\/uploads\\\/2025\\\/08\\\/Capture-decran-2025-08-17-a-14.54.26.png\",\"contentUrl\":\"https:\\\/\\\/mathieucorajod.com\\\/wp-content\\\/uploads\\\/2025\\\/08\\\/Capture-decran-2025-08-17-a-14.54.26.png\",\"width\":382,\"height\":78,\"caption\":\"Mathieu Corajod\"},\"image\":{\"@id\":\"https:\\\/\\\/mathieucorajod.com\\\/fr\\\/#\\\/schema\\\/logo\\\/image\\\/\"},\"sameAs\":[\"https:\\\/\\\/www.facebook.com\\\/mathieucorajod\",\"https:\\\/\\\/www.youtube.com\\\/@mathieucorajod538\",\"https:\\\/\\\/soundcloud.com\\\/mathieu-corajod\",\"https:\\\/\\\/www.instagram.com\\\/mathieu_corajod\\\/\",\"https:\\\/\\\/mastodon.social\\\/@mathieucorajod\"]}]}<\/script>\n<!-- \/ Yoast SEO plugin. -->","yoast_head_json":{"title":"Biographie courte - Mathieu Corajod","robots":{"index":"index","follow":"follow","max-snippet":"max-snippet:-1","max-image-preview":"max-image-preview:large","max-video-preview":"max-video-preview:-1"},"canonical":"https:\/\/mathieucorajod.com\/fr\/biographie-courte\/","og_locale":"fr_FR","og_type":"article","og_title":"Biographie courte - Mathieu Corajod","og_description":"Biographie courteCollaborations :Compositeur et metteur en sc\u00e8ne franco-suisse n\u00e9 en 1989, Mathieu Corajod con\u00e7oit chaque \u0153uvre comme une exp\u00e9rience artistique qui d\u00e9fie les conventions, \u00e9veille les sens, cr\u00e9e du lien et suscite des questionnements. Il travaille avec les instruments, la voix, le corps, l\u2019espace et les technologies. Ses cr\u00e9ations prennent des formes multiples : allant des pi\u00e8ces musicales (instrumentales, \u00e9lectroniques, mixtes) aux productions chor\u00e9graphiques, th\u00e9\u00e2trales ou po\u00e9tiques, imagin\u00e9es d\u00e8s le d\u00e9part dans leur rapport au son. Dans une relation \u00e9troite avec le contexte de leur cr\u00e9ation, ses \u0153uvres int\u00e8grent souvent une dimension collaborative et inclusive essentielle \u00e0 la mani\u00e8re dont elles sont pr\u00e9sent\u00e9es et partag\u00e9es. Apr\u00e8s des \u00e9tudes \u00e0 la Haute \u00e9cole des arts de Berne (HKB), \u00e0 l\u2019Universit\u00e9 de Berne et \u00e0 l\u2019IRCAM (Cursus 18-19), il fonde en 2020 son propre ensemble interdisciplinaire, la Compagnie Mixt Forma, qui se produit notamment \u00e0 la Grande Salle du Centre Pompidou lors du Festival Manifeste \u00e0 Paris. En 2022, il compose et met en sc\u00e8ne son premier op\u00e9ra, command\u00e9 par l\u2019Op\u00e9ra national de Lorraine et le festival Musica, v\u00e9ritable laboratoire de cr\u00e9ation lyrique en plein air allant \u00e0 la rencontre des citadins. Il est \u00e9galement laur\u00e9at, en duo avec le danseur Pierre [&hellip;]","og_url":"https:\/\/mathieucorajod.com\/fr\/biographie-courte\/","og_site_name":"Mathieu Corajod","article_publisher":"https:\/\/www.facebook.com\/mathieucorajod","article_modified_time":"2025-09-09T18:21:56+00:00","twitter_card":"summary_large_image","schema":{"@context":"https:\/\/schema.org","@graph":[{"@type":"WebPage","@id":"https:\/\/mathieucorajod.com\/fr\/biographie-courte\/","url":"https:\/\/mathieucorajod.com\/fr\/biographie-courte\/","name":"Biographie courte - Mathieu Corajod","isPartOf":{"@id":"https:\/\/mathieucorajod.com\/fr\/#website"},"datePublished":"2025-09-09T18:12:44+00:00","dateModified":"2025-09-09T18:21:56+00:00","breadcrumb":{"@id":"https:\/\/mathieucorajod.com\/fr\/biographie-courte\/#breadcrumb"},"inLanguage":"fr-FR","potentialAction":[{"@type":"ReadAction","target":["https:\/\/mathieucorajod.com\/fr\/biographie-courte\/"]}]},{"@type":"BreadcrumbList","@id":"https:\/\/mathieucorajod.com\/fr\/biographie-courte\/#breadcrumb","itemListElement":[{"@type":"ListItem","position":1,"name":"Accueil","item":"https:\/\/mathieucorajod.com\/fr\/"},{"@type":"ListItem","position":2,"name":"Biographie courte"}]},{"@type":"WebSite","@id":"https:\/\/mathieucorajod.com\/fr\/#website","url":"https:\/\/mathieucorajod.com\/fr\/","name":"Mathieu Corajod","description":"Compositeur, metteur en sc\u00e8ne et chor\u00e9graphe franco-suisse.","publisher":{"@id":"https:\/\/mathieucorajod.com\/fr\/#organization"},"potentialAction":[{"@type":"SearchAction","target":{"@type":"EntryPoint","urlTemplate":"https:\/\/mathieucorajod.com\/fr\/?s={search_term_string}"},"query-input":{"@type":"PropertyValueSpecification","valueRequired":true,"valueName":"search_term_string"}}],"inLanguage":"fr-FR"},{"@type":"Organization","@id":"https:\/\/mathieucorajod.com\/fr\/#organization","name":"Mathieu Corajod","url":"https:\/\/mathieucorajod.com\/fr\/","logo":{"@type":"ImageObject","inLanguage":"fr-FR","@id":"https:\/\/mathieucorajod.com\/fr\/#\/schema\/logo\/image\/","url":"https:\/\/mathieucorajod.com\/wp-content\/uploads\/2025\/08\/Capture-decran-2025-08-17-a-14.54.26.png","contentUrl":"https:\/\/mathieucorajod.com\/wp-content\/uploads\/2025\/08\/Capture-decran-2025-08-17-a-14.54.26.png","width":382,"height":78,"caption":"Mathieu Corajod"},"image":{"@id":"https:\/\/mathieucorajod.com\/fr\/#\/schema\/logo\/image\/"},"sameAs":["https:\/\/www.facebook.com\/mathieucorajod","https:\/\/www.youtube.com\/@mathieucorajod538","https:\/\/soundcloud.com\/mathieu-corajod","https:\/\/www.instagram.com\/mathieu_corajod\/","https:\/\/mastodon.social\/@mathieucorajod"]}]}},"_links":{"self":[{"href":"https:\/\/mathieucorajod.com\/fr\/wp-json\/wp\/v2\/pages\/89033","targetHints":{"allow":["GET"]}}],"collection":[{"href":"https:\/\/mathieucorajod.com\/fr\/wp-json\/wp\/v2\/pages"}],"about":[{"href":"https:\/\/mathieucorajod.com\/fr\/wp-json\/wp\/v2\/types\/page"}],"author":[{"embeddable":true,"href":"https:\/\/mathieucorajod.com\/fr\/wp-json\/wp\/v2\/users\/2"}],"replies":[{"embeddable":true,"href":"https:\/\/mathieucorajod.com\/fr\/wp-json\/wp\/v2\/comments?post=89033"}],"version-history":[{"count":5,"href":"https:\/\/mathieucorajod.com\/fr\/wp-json\/wp\/v2\/pages\/89033\/revisions"}],"predecessor-version":[{"id":89043,"href":"https:\/\/mathieucorajod.com\/fr\/wp-json\/wp\/v2\/pages\/89033\/revisions\/89043"}],"wp:attachment":[{"href":"https:\/\/mathieucorajod.com\/fr\/wp-json\/wp\/v2\/media?parent=89033"}],"curies":[{"name":"wp","href":"https:\/\/api.w.org\/{rel}","templated":true}]}}