{"id":88564,"date":"2025-08-31T07:17:08","date_gmt":"2025-08-31T07:17:08","guid":{"rendered":"https:\/\/v2.mathieucorajod.com\/?page_id=88564"},"modified":"2025-09-01T12:01:27","modified_gmt":"2025-09-01T12:01:27","slug":"cue-creative-union-experience","status":"publish","type":"page","link":"https:\/\/mathieucorajod.com\/fr\/cue-creative-union-experience\/","title":{"rendered":"CUE Creative\/Union\/Experience"},"content":{"rendered":"<p>[et_pb_section fb_built=\u00a0\u00bb1&Prime; custom_padding_last_edited=\u00a0\u00bbon|phone\u00a0\u00bb _builder_version=\u00a0\u00bb4.27.4&Prime; _module_preset=\u00a0\u00bbdefault\u00a0\u00bb custom_margin=\u00a0\u00bb0px||0px||false|false\u00a0\u00bb custom_padding=\u00a0\u00bb55px|40px|58px|40px|false|true\u00a0\u00bb custom_padding_tablet=\u00a0\u00bb|40px||40px|false|false\u00a0\u00bb custom_padding_phone=\u00a0\u00bb|20px||20px|false|false\u00a0\u00bb locked=\u00a0\u00bboff\u00a0\u00bb global_colors_info=\u00a0\u00bb{}\u00a0\u00bb][et_pb_row _builder_version=\u00a0\u00bb4.27.4&Prime; _module_preset=\u00a0\u00bbdefault\u00a0\u00bb width=\u00a0\u00bb100%\u00a0\u00bb max_width=\u00a0\u00bb100%\u00a0\u00bb custom_margin=\u00a0\u00bb0px||50px||false|false\u00a0\u00bb custom_margin_tablet=\u00a0\u00bb0px||50px||false|false\u00a0\u00bb custom_margin_phone=\u00a0\u00bb0px||45px||false|false\u00a0\u00bb custom_margin_last_edited=\u00a0\u00bbon|phone\u00a0\u00bb custom_padding=\u00a0\u00bb0px||10px||false|false\u00a0\u00bb border_width_bottom=\u00a0\u00bb3px\u00a0\u00bb border_color_bottom=\u00a0\u00bb#000000&Prime; global_colors_info=\u00a0\u00bb{}\u00a0\u00bb][et_pb_column type=\u00a0\u00bb4_4&Prime; _builder_version=\u00a0\u00bb4.27.4&Prime; _module_preset=\u00a0\u00bbdefault\u00a0\u00bb global_colors_info=\u00a0\u00bb{}\u00a0\u00bb][et_pb_text _builder_version=\u00a0\u00bb4.27.4&Prime; _module_preset=\u00a0\u00bbdefault\u00a0\u00bb header_font=\u00a0\u00bbAlbert Sans|600|||||||\u00a0\u00bb header_text_align=\u00a0\u00bbleft\u00a0\u00bb header_text_color=\u00a0\u00bb#000000&Prime; header_font_size=\u00a0\u00bb79px\u00a0\u00bb header_letter_spacing=\u00a0\u00bb-3px\u00a0\u00bb header_line_height=\u00a0\u00bb1.2em\u00a0\u00bb header_2_font=\u00a0\u00bbAlbert Sans|600|||||||\u00a0\u00bb header_2_text_align=\u00a0\u00bbleft\u00a0\u00bb header_2_text_color=\u00a0\u00bb#000000&Prime; header_2_font_size=\u00a0\u00bb79px\u00a0\u00bb header_2_letter_spacing=\u00a0\u00bb-3px\u00a0\u00bb header_2_line_height=\u00a0\u00bb1.2em\u00a0\u00bb custom_margin=\u00a0\u00bb0px||0px||false|false\u00a0\u00bb custom_padding=\u00a0\u00bb0px||0px||false|false\u00a0\u00bb header_font_size_tablet=\u00a0\u00bb60px\u00a0\u00bb header_font_size_phone=\u00a0\u00bb34px\u00a0\u00bb header_font_size_last_edited=\u00a0\u00bbon|tablet\u00a0\u00bb header_letter_spacing_tablet=\u00a0\u00bb-3px\u00a0\u00bb header_letter_spacing_phone=\u00a0\u00bb-2px\u00a0\u00bb header_letter_spacing_last_edited=\u00a0\u00bbon|phone\u00a0\u00bb header_2_font_size_tablet=\u00a0\u00bb60px\u00a0\u00bb header_2_font_size_phone=\u00a0\u00bb30px\u00a0\u00bb header_2_font_size_last_edited=\u00a0\u00bbon|tablet\u00a0\u00bb global_colors_info=\u00a0\u00bb{}\u00a0\u00bb]<\/p>\n<h1>Cue Creative\/Union\/Experience<\/h1>\n<p>[\/et_pb_text][\/et_pb_column][\/et_pb_row][et_pb_row column_structure=\u00a0\u00bb1_2,1_2&Prime; use_custom_gutter=\u00a0\u00bbon\u00a0\u00bb gutter_width=\u00a0\u00bb2&Prime; _builder_version=\u00a0\u00bb4.27.4&Prime; _module_preset=\u00a0\u00bbdefault\u00a0\u00bb width=\u00a0\u00bb100%\u00a0\u00bb max_width=\u00a0\u00bb100%\u00a0\u00bb custom_margin=\u00a0\u00bb0px|auto|5px|auto|false|false\u00a0\u00bb custom_margin_tablet=\u00a0\u00bb0px||||false|false\u00a0\u00bb custom_margin_phone=\u00a0\u00bb||||false|false\u00a0\u00bb custom_margin_last_edited=\u00a0\u00bbon|desktop\u00a0\u00bb custom_padding=\u00a0\u00bb0px||0px||false|false\u00a0\u00bb global_colors_info=\u00a0\u00bb{}\u00a0\u00bb][et_pb_column type=\u00a0\u00bb1_2&Prime; _builder_version=\u00a0\u00bb4.27.4&Prime; _module_preset=\u00a0\u00bbdefault\u00a0\u00bb global_colors_info=\u00a0\u00bb{}\u00a0\u00bb][et_pb_text _builder_version=\u00a0\u00bb4.27.4&Prime; _module_preset=\u00a0\u00bbdefault\u00a0\u00bb text_font=\u00a0\u00bbRoboto Flex||||||||\u00a0\u00bb text_text_color=\u00a0\u00bb#000000&Prime; text_font_size=\u00a0\u00bb23px\u00a0\u00bb text_line_height=\u00a0\u00bb1.4em\u00a0\u00bb width=\u00a0\u00bb90%\u00a0\u00bb max_width=\u00a0\u00bb909px\u00a0\u00bb custom_margin=\u00a0\u00bb0px||0px||false|false\u00a0\u00bb custom_padding=\u00a0\u00bb0px||28px||false|false\u00a0\u00bb global_colors_info=\u00a0\u00bb{}\u00a0\u00bb]<\/p>\n<p>Collectif de composition fond\u00e9 en 2021 par Mathieu Corajod, Giulia Lorusso et Giovanni Montiani. Anim\u00e9s par le d\u00e9sir d&rsquo;apprendre des autres, de mettre en commun nos ressources et nos id\u00e9es, de cr\u00e9er une musique nouvelle \u00e0 laquelle aucun d&rsquo;entre nous n&rsquo;aurait pens\u00e9 individuellement, notre collectif s&rsquo;est form\u00e9 pour la cr\u00e9ation de\u00a0<em>Invitation to how it&rsquo;s done<\/em> dans le cadre de l&rsquo;appel \u00e0 projets \u00ab\u00a0Merge up!\u00a0\u00bb.<\/p>\n<p>Pour en savoir plus sur nos processus de cr\u00e9ation collective :<\/p>\n<p>[\/et_pb_text][et_pb_button button_url=\u00a0\u00bbhttps:\/\/project.ulysses-network.eu\/thematic\/collaboratory\/\u00a0\u00bb url_new_window=\u00a0\u00bbon\u00a0\u00bb button_text=\u00a0\u00bbblog CUE\u00a0\u00bb _builder_version=\u00a0\u00bb4.27.4&Prime; _module_preset=\u00a0\u00bbdefault\u00a0\u00bb custom_margin=\u00a0\u00bb|10px|0px||false|false\u00a0\u00bb custom_margin_tablet=\u00a0\u00bb|10px|0px||false|false\u00a0\u00bb custom_margin_phone=\u00a0\u00bb||10px||false|false\u00a0\u00bb custom_margin_last_edited=\u00a0\u00bbon|phone\u00a0\u00bb global_colors_info=\u00a0\u00bb{}\u00a0\u00bb][\/et_pb_button][\/et_pb_column][et_pb_column type=\u00a0\u00bb1_2&Prime; _builder_version=\u00a0\u00bb4.27.4&Prime; _module_preset=\u00a0\u00bbdefault\u00a0\u00bb global_colors_info=\u00a0\u00bb{}\u00a0\u00bb][dsm_filterable_gallery gallery_ids=\u00a0\u00bb88570&Prime; dsm_image_sizes=\u00a0\u00bb2048&#215;2048&Prime; dsm_filterable_gallery_all_text=\u00a0\u00bbTous\u00a0\u00bb dsm_show_caption=\u00a0\u00bbon\u00a0\u00bb dsm_category_active_bg_color=\u00a0\u00bb#000000&Prime; dsm_number_of_columns_tablet=\u00a0\u00bb2&Prime; dsm_number_of_columns_phone=\u00a0\u00bb1&Prime; dsm_number_of_columns_last_edited=\u00a0\u00bbon|phone\u00a0\u00bb _builder_version=\u00a0\u00bb4.27.4&Prime; _module_preset=\u00a0\u00bbdefault\u00a0\u00bb width=\u00a0\u00bb100%\u00a0\u00bb hover_enabled=\u00a0\u00bb0&Prime; global_colors_info=\u00a0\u00bb{}\u00a0\u00bb sticky_enabled=\u00a0\u00bb0&Prime; locked=\u00a0\u00bboff\u00a0\u00bb dsm_number_of_columns=\u00a0\u00bb1&Prime; module_class=\u00a0\u00bbremove-filters\u00a0\u00bb][\/dsm_filterable_gallery][\/et_pb_column][\/et_pb_row][\/et_pb_section]<\/p>\n","protected":false},"excerpt":{"rendered":"<p>Cue Creative\/Union\/ExperienceCollectif de composition fond\u00e9 en 2021 par Mathieu Corajod, Giulia Lorusso et Giovanni Montiani. Anim\u00e9s par le d\u00e9sir d&rsquo;apprendre des autres, de mettre en commun nos ressources et nos id\u00e9es, de cr\u00e9er une musique nouvelle \u00e0 laquelle aucun d&rsquo;entre nous n&rsquo;aurait pens\u00e9 individuellement, notre collectif s&rsquo;est form\u00e9 pour la cr\u00e9ation de\u00a0Invitation to how it&rsquo;s done dans le cadre de l&rsquo;appel \u00e0 projets \u00ab\u00a0Merge up!\u00a0\u00bb. Pour en savoir plus sur nos processus de cr\u00e9ation collective :<div class=\"et_pb_module dsm_filterable_gallery dsm_filterable_gallery_0 remove-filters\">\n\t\t\t\t\n\t\t\t\t\n\t\t\t\t\n\t\t\t\t\n\t\t\t\t\n\t\t\t\t\n\t\t\t\t<div class=\"et_pb_module_inner\">\n\t\t\t\t\t<div class=\"dsm-filterable-gallery-container \" data-paginationtype=\"load_more\" data-currentpage=\"1\" data-per_page=\"10\" data-use_lightbox=\"off\" data-totalpages=\"1\" data-speed=\"250\" data-showpagination=\"off\">\n\t\t\t  \t<ul class=\"dsm-filterable-category-container\"><li class=\"dsm-filterable-gallery-filter-item\" data-category=\"all\">Tous<\/li><li class=\"dsm-filterable-gallery-filter-item\" data-category=\"portraits\">Portraits<\/li><\/ul> \n\t\t      <div class=\"dsm-filterable-gallery-inner-container \">\n\t\t\t  \t<div class=\"dsm-filterable-gallery-item\" data-mfp-src=\"https:\/\/mathieucorajod.com\/wp-content\/uploads\/2025\/08\/CUE_\u00a9Giovanni_Daniotti.jpg\" data-inpage=\"1\" data-groups=\"portraits,all\"   >\n\t\t\t\t\t\t\t<div class=\"dsm-filterable-gallery-inner-item\">\n\t\t\t\t\t\t\t  <div class=\"dsm-filterable-gallery-image-wrapper\"><img decoding=\"async\" src=\"https:\/\/mathieucorajod.com\/wp-content\/uploads\/2025\/08\/CUE_\u00a9Giovanni_Daniotti.jpg\" title=\"CUE_\u00a9Giovanni_Daniotti\" alt=\"\" \/><\/div>\n\t\t\t\t\t\t\t  <div class=\"dsm-filterable-gallery-content-wrapper\"> <div class=\"dsm-caption\">CUE Creative\/Union\/Experience \u00a9Giovanni Daniotti<\/div> <\/div>\n\t\t\t\t\t\t\t<\/div>\n\t\t\t\t\t\t<\/div> \n\t\t\t\t\t \n\t\t\t  <\/div>\n\t\t\t  \n\t\t\t  \n\t\t   <\/div>\n\t\t\n\t\t\t\t<\/div>\n\t\t\t<\/div><\/p>\n","protected":false},"author":2,"featured_media":0,"parent":0,"menu_order":0,"comment_status":"closed","ping_status":"closed","template":"","meta":{"_et_pb_use_builder":"on","_et_pb_old_content":"<!-- wp:divi\/placeholder \/-->","_et_gb_content_width":"","footnotes":""},"class_list":["post-88564","page","type-page","status-publish","hentry"],"yoast_head":"<!-- This site is optimized with the Yoast SEO plugin v27.4 - https:\/\/yoast.com\/product\/yoast-seo-wordpress\/ -->\n<title>CUE Creative\/Union\/Experience - Mathieu Corajod<\/title>\n<meta name=\"robots\" content=\"index, follow, max-snippet:-1, max-image-preview:large, max-video-preview:-1\" \/>\n<link rel=\"canonical\" href=\"https:\/\/mathieucorajod.com\/fr\/cue-creative-union-experience\/\" \/>\n<meta property=\"og:locale\" content=\"fr_FR\" \/>\n<meta property=\"og:type\" content=\"article\" \/>\n<meta property=\"og:title\" content=\"CUE Creative\/Union\/Experience - Mathieu Corajod\" \/>\n<meta property=\"og:description\" content=\"Cue Creative\/Union\/ExperienceCollectif de composition fond\u00e9 en 2021 par Mathieu Corajod, Giulia Lorusso et Giovanni Montiani. Anim\u00e9s par le d\u00e9sir d&#039;apprendre des autres, de mettre en commun nos ressources et nos id\u00e9es, de cr\u00e9er une musique nouvelle \u00e0 laquelle aucun d&#039;entre nous n&#039;aurait pens\u00e9 individuellement, notre collectif s&#039;est form\u00e9 pour la cr\u00e9ation de\u00a0Invitation to how it&#039;s done dans le cadre de l&#039;appel \u00e0 projets &quot;Merge up!&quot;. Pour en savoir plus sur nos processus de cr\u00e9ation collective :\" \/>\n<meta property=\"og:url\" content=\"https:\/\/mathieucorajod.com\/fr\/cue-creative-union-experience\/\" \/>\n<meta property=\"og:site_name\" content=\"Mathieu Corajod\" \/>\n<meta property=\"article:publisher\" content=\"https:\/\/www.facebook.com\/mathieucorajod\" \/>\n<meta property=\"article:modified_time\" content=\"2025-09-01T12:01:27+00:00\" \/>\n<meta name=\"twitter:card\" content=\"summary_large_image\" \/>\n<meta name=\"twitter:label1\" content=\"Dur\u00e9e de lecture estim\u00e9e\" \/>\n\t<meta name=\"twitter:data1\" content=\"3 minutes\" \/>\n<script type=\"application\/ld+json\" class=\"yoast-schema-graph\">{\"@context\":\"https:\\\/\\\/schema.org\",\"@graph\":[{\"@type\":\"WebPage\",\"@id\":\"https:\\\/\\\/mathieucorajod.com\\\/fr\\\/cue-creative-union-experience\\\/\",\"url\":\"https:\\\/\\\/mathieucorajod.com\\\/fr\\\/cue-creative-union-experience\\\/\",\"name\":\"CUE Creative\\\/Union\\\/Experience - Mathieu Corajod\",\"isPartOf\":{\"@id\":\"https:\\\/\\\/mathieucorajod.com\\\/fr\\\/#website\"},\"datePublished\":\"2025-08-31T07:17:08+00:00\",\"dateModified\":\"2025-09-01T12:01:27+00:00\",\"breadcrumb\":{\"@id\":\"https:\\\/\\\/mathieucorajod.com\\\/fr\\\/cue-creative-union-experience\\\/#breadcrumb\"},\"inLanguage\":\"fr-FR\",\"potentialAction\":[{\"@type\":\"ReadAction\",\"target\":[\"https:\\\/\\\/mathieucorajod.com\\\/fr\\\/cue-creative-union-experience\\\/\"]}]},{\"@type\":\"BreadcrumbList\",\"@id\":\"https:\\\/\\\/mathieucorajod.com\\\/fr\\\/cue-creative-union-experience\\\/#breadcrumb\",\"itemListElement\":[{\"@type\":\"ListItem\",\"position\":1,\"name\":\"Accueil\",\"item\":\"https:\\\/\\\/mathieucorajod.com\\\/fr\\\/\"},{\"@type\":\"ListItem\",\"position\":2,\"name\":\"CUE Creative\\\/Union\\\/Experience\"}]},{\"@type\":\"WebSite\",\"@id\":\"https:\\\/\\\/mathieucorajod.com\\\/fr\\\/#website\",\"url\":\"https:\\\/\\\/mathieucorajod.com\\\/fr\\\/\",\"name\":\"Mathieu Corajod\",\"description\":\"Compositeur, metteur en sc\u00e8ne et chor\u00e9graphe franco-suisse.\",\"publisher\":{\"@id\":\"https:\\\/\\\/mathieucorajod.com\\\/fr\\\/#organization\"},\"potentialAction\":[{\"@type\":\"SearchAction\",\"target\":{\"@type\":\"EntryPoint\",\"urlTemplate\":\"https:\\\/\\\/mathieucorajod.com\\\/fr\\\/?s={search_term_string}\"},\"query-input\":{\"@type\":\"PropertyValueSpecification\",\"valueRequired\":true,\"valueName\":\"search_term_string\"}}],\"inLanguage\":\"fr-FR\"},{\"@type\":\"Organization\",\"@id\":\"https:\\\/\\\/mathieucorajod.com\\\/fr\\\/#organization\",\"name\":\"Mathieu Corajod\",\"url\":\"https:\\\/\\\/mathieucorajod.com\\\/fr\\\/\",\"logo\":{\"@type\":\"ImageObject\",\"inLanguage\":\"fr-FR\",\"@id\":\"https:\\\/\\\/mathieucorajod.com\\\/fr\\\/#\\\/schema\\\/logo\\\/image\\\/\",\"url\":\"https:\\\/\\\/mathieucorajod.com\\\/wp-content\\\/uploads\\\/2025\\\/08\\\/Capture-decran-2025-08-17-a-14.54.26.png\",\"contentUrl\":\"https:\\\/\\\/mathieucorajod.com\\\/wp-content\\\/uploads\\\/2025\\\/08\\\/Capture-decran-2025-08-17-a-14.54.26.png\",\"width\":382,\"height\":78,\"caption\":\"Mathieu Corajod\"},\"image\":{\"@id\":\"https:\\\/\\\/mathieucorajod.com\\\/fr\\\/#\\\/schema\\\/logo\\\/image\\\/\"},\"sameAs\":[\"https:\\\/\\\/www.facebook.com\\\/mathieucorajod\",\"https:\\\/\\\/www.youtube.com\\\/@mathieucorajod538\",\"https:\\\/\\\/soundcloud.com\\\/mathieu-corajod\",\"https:\\\/\\\/www.instagram.com\\\/mathieu_corajod\\\/\",\"https:\\\/\\\/mastodon.social\\\/@mathieucorajod\"]}]}<\/script>\n<!-- \/ Yoast SEO plugin. -->","yoast_head_json":{"title":"CUE Creative\/Union\/Experience - Mathieu Corajod","robots":{"index":"index","follow":"follow","max-snippet":"max-snippet:-1","max-image-preview":"max-image-preview:large","max-video-preview":"max-video-preview:-1"},"canonical":"https:\/\/mathieucorajod.com\/fr\/cue-creative-union-experience\/","og_locale":"fr_FR","og_type":"article","og_title":"CUE Creative\/Union\/Experience - Mathieu Corajod","og_description":"Cue Creative\/Union\/ExperienceCollectif de composition fond\u00e9 en 2021 par Mathieu Corajod, Giulia Lorusso et Giovanni Montiani. Anim\u00e9s par le d\u00e9sir d'apprendre des autres, de mettre en commun nos ressources et nos id\u00e9es, de cr\u00e9er une musique nouvelle \u00e0 laquelle aucun d'entre nous n'aurait pens\u00e9 individuellement, notre collectif s'est form\u00e9 pour la cr\u00e9ation de\u00a0Invitation to how it's done dans le cadre de l'appel \u00e0 projets \"Merge up!\". Pour en savoir plus sur nos processus de cr\u00e9ation collective :","og_url":"https:\/\/mathieucorajod.com\/fr\/cue-creative-union-experience\/","og_site_name":"Mathieu Corajod","article_publisher":"https:\/\/www.facebook.com\/mathieucorajod","article_modified_time":"2025-09-01T12:01:27+00:00","twitter_card":"summary_large_image","twitter_misc":{"Dur\u00e9e de lecture estim\u00e9e":"3 minutes"},"schema":{"@context":"https:\/\/schema.org","@graph":[{"@type":"WebPage","@id":"https:\/\/mathieucorajod.com\/fr\/cue-creative-union-experience\/","url":"https:\/\/mathieucorajod.com\/fr\/cue-creative-union-experience\/","name":"CUE Creative\/Union\/Experience - Mathieu Corajod","isPartOf":{"@id":"https:\/\/mathieucorajod.com\/fr\/#website"},"datePublished":"2025-08-31T07:17:08+00:00","dateModified":"2025-09-01T12:01:27+00:00","breadcrumb":{"@id":"https:\/\/mathieucorajod.com\/fr\/cue-creative-union-experience\/#breadcrumb"},"inLanguage":"fr-FR","potentialAction":[{"@type":"ReadAction","target":["https:\/\/mathieucorajod.com\/fr\/cue-creative-union-experience\/"]}]},{"@type":"BreadcrumbList","@id":"https:\/\/mathieucorajod.com\/fr\/cue-creative-union-experience\/#breadcrumb","itemListElement":[{"@type":"ListItem","position":1,"name":"Accueil","item":"https:\/\/mathieucorajod.com\/fr\/"},{"@type":"ListItem","position":2,"name":"CUE Creative\/Union\/Experience"}]},{"@type":"WebSite","@id":"https:\/\/mathieucorajod.com\/fr\/#website","url":"https:\/\/mathieucorajod.com\/fr\/","name":"Mathieu Corajod","description":"Compositeur, metteur en sc\u00e8ne et chor\u00e9graphe franco-suisse.","publisher":{"@id":"https:\/\/mathieucorajod.com\/fr\/#organization"},"potentialAction":[{"@type":"SearchAction","target":{"@type":"EntryPoint","urlTemplate":"https:\/\/mathieucorajod.com\/fr\/?s={search_term_string}"},"query-input":{"@type":"PropertyValueSpecification","valueRequired":true,"valueName":"search_term_string"}}],"inLanguage":"fr-FR"},{"@type":"Organization","@id":"https:\/\/mathieucorajod.com\/fr\/#organization","name":"Mathieu Corajod","url":"https:\/\/mathieucorajod.com\/fr\/","logo":{"@type":"ImageObject","inLanguage":"fr-FR","@id":"https:\/\/mathieucorajod.com\/fr\/#\/schema\/logo\/image\/","url":"https:\/\/mathieucorajod.com\/wp-content\/uploads\/2025\/08\/Capture-decran-2025-08-17-a-14.54.26.png","contentUrl":"https:\/\/mathieucorajod.com\/wp-content\/uploads\/2025\/08\/Capture-decran-2025-08-17-a-14.54.26.png","width":382,"height":78,"caption":"Mathieu Corajod"},"image":{"@id":"https:\/\/mathieucorajod.com\/fr\/#\/schema\/logo\/image\/"},"sameAs":["https:\/\/www.facebook.com\/mathieucorajod","https:\/\/www.youtube.com\/@mathieucorajod538","https:\/\/soundcloud.com\/mathieu-corajod","https:\/\/www.instagram.com\/mathieu_corajod\/","https:\/\/mastodon.social\/@mathieucorajod"]}]}},"_links":{"self":[{"href":"https:\/\/mathieucorajod.com\/fr\/wp-json\/wp\/v2\/pages\/88564","targetHints":{"allow":["GET"]}}],"collection":[{"href":"https:\/\/mathieucorajod.com\/fr\/wp-json\/wp\/v2\/pages"}],"about":[{"href":"https:\/\/mathieucorajod.com\/fr\/wp-json\/wp\/v2\/types\/page"}],"author":[{"embeddable":true,"href":"https:\/\/mathieucorajod.com\/fr\/wp-json\/wp\/v2\/users\/2"}],"replies":[{"embeddable":true,"href":"https:\/\/mathieucorajod.com\/fr\/wp-json\/wp\/v2\/comments?post=88564"}],"version-history":[{"count":4,"href":"https:\/\/mathieucorajod.com\/fr\/wp-json\/wp\/v2\/pages\/88564\/revisions"}],"predecessor-version":[{"id":88648,"href":"https:\/\/mathieucorajod.com\/fr\/wp-json\/wp\/v2\/pages\/88564\/revisions\/88648"}],"wp:attachment":[{"href":"https:\/\/mathieucorajod.com\/fr\/wp-json\/wp\/v2\/media?parent=88564"}],"curies":[{"name":"wp","href":"https:\/\/api.w.org\/{rel}","templated":true}]}}