{"id":88156,"date":"2025-08-20T14:03:01","date_gmt":"2025-08-20T14:03:01","guid":{"rendered":"https:\/\/v2.mathieucorajod.com\/?page_id=88156"},"modified":"2025-08-31T08:22:41","modified_gmt":"2025-08-31T08:22:41","slug":"credits","status":"publish","type":"page","link":"https:\/\/mathieucorajod.com\/fr\/credits\/","title":{"rendered":"Cr\u00e9dits"},"content":{"rendered":"<p>[et_pb_section fb_built=\u00a0\u00bb1&Prime; custom_padding_last_edited=\u00a0\u00bbon|phone\u00a0\u00bb _builder_version=\u00a0\u00bb4.27.4&Prime; _module_preset=\u00a0\u00bbdefault\u00a0\u00bb custom_margin=\u00a0\u00bb0px||0px||false|false\u00a0\u00bb custom_padding=\u00a0\u00bb55px|40px|58px|40px|false|true\u00a0\u00bb custom_padding_tablet=\u00a0\u00bb|40px||40px|false|false\u00a0\u00bb custom_padding_phone=\u00a0\u00bb|20px||20px|false|false\u00a0\u00bb locked=\u00a0\u00bboff\u00a0\u00bb global_colors_info=\u00a0\u00bb{}\u00a0\u00bb][et_pb_row _builder_version=\u00a0\u00bb4.24.0&Prime; _module_preset=\u00a0\u00bbdefault\u00a0\u00bb width=\u00a0\u00bb100%\u00a0\u00bb max_width=\u00a0\u00bb100%\u00a0\u00bb custom_margin=\u00a0\u00bb0px||50px||false|false\u00a0\u00bb custom_margin_tablet=\u00a0\u00bb0px||50px||false|false\u00a0\u00bb custom_margin_phone=\u00a0\u00bb0px||45px||false|false\u00a0\u00bb custom_margin_last_edited=\u00a0\u00bbon|phone\u00a0\u00bb custom_padding=\u00a0\u00bb0px||10px||false|false\u00a0\u00bb border_width_bottom=\u00a0\u00bb3px\u00a0\u00bb border_color_bottom=\u00a0\u00bb#000000&Prime; global_colors_info=\u00a0\u00bb{}\u00a0\u00bb][et_pb_column type=\u00a0\u00bb4_4&Prime; _builder_version=\u00a0\u00bb4.24.0&Prime; _module_preset=\u00a0\u00bbdefault\u00a0\u00bb global_colors_info=\u00a0\u00bb{}\u00a0\u00bb][et_pb_text _builder_version=\u00a0\u00bb4.27.4&Prime; _module_preset=\u00a0\u00bbdefault\u00a0\u00bb header_font=\u00a0\u00bbAlbert Sans|600|||||||\u00a0\u00bb header_text_align=\u00a0\u00bbleft\u00a0\u00bb header_text_color=\u00a0\u00bb#000000&Prime; header_font_size=\u00a0\u00bb79px\u00a0\u00bb header_letter_spacing=\u00a0\u00bb-3px\u00a0\u00bb header_line_height=\u00a0\u00bb1.2em\u00a0\u00bb header_2_font=\u00a0\u00bbAlbert Sans|600|||||||\u00a0\u00bb header_2_text_align=\u00a0\u00bbleft\u00a0\u00bb header_2_text_color=\u00a0\u00bb#000000&Prime; header_2_font_size=\u00a0\u00bb79px\u00a0\u00bb header_2_letter_spacing=\u00a0\u00bb-3px\u00a0\u00bb header_2_line_height=\u00a0\u00bb1.2em\u00a0\u00bb custom_margin=\u00a0\u00bb0px||0px||false|false\u00a0\u00bb custom_padding=\u00a0\u00bb0px||0px||false|false\u00a0\u00bb header_font_size_tablet=\u00a0\u00bb60px\u00a0\u00bb header_font_size_phone=\u00a0\u00bb34px\u00a0\u00bb header_font_size_last_edited=\u00a0\u00bbon|tablet\u00a0\u00bb header_letter_spacing_tablet=\u00a0\u00bb-3px\u00a0\u00bb header_letter_spacing_phone=\u00a0\u00bb-2px\u00a0\u00bb header_letter_spacing_last_edited=\u00a0\u00bbon|phone\u00a0\u00bb header_2_font_size_tablet=\u00a0\u00bb60px\u00a0\u00bb header_2_font_size_phone=\u00a0\u00bb30px\u00a0\u00bb header_2_font_size_last_edited=\u00a0\u00bbon|tablet\u00a0\u00bb global_colors_info=\u00a0\u00bb{}\u00a0\u00bb]<\/p>\n<h1>cr\u00e9dits<\/h1>\n<p>[\/et_pb_text][\/et_pb_column][\/et_pb_row][et_pb_row use_custom_gutter=\u00a0\u00bbon\u00a0\u00bb gutter_width=\u00a0\u00bb2&Prime; _builder_version=\u00a0\u00bb4.27.4&Prime; _module_preset=\u00a0\u00bbdefault\u00a0\u00bb width=\u00a0\u00bb100%\u00a0\u00bb max_width=\u00a0\u00bb900px\u00a0\u00bb module_alignment=\u00a0\u00bbright\u00a0\u00bb custom_margin=\u00a0\u00bb0px|auto|5px|auto|false|false\u00a0\u00bb custom_margin_tablet=\u00a0\u00bb0px||||false|false\u00a0\u00bb custom_margin_phone=\u00a0\u00bb||||false|false\u00a0\u00bb custom_margin_last_edited=\u00a0\u00bbon|desktop\u00a0\u00bb custom_padding=\u00a0\u00bb0px||0px||false|false\u00a0\u00bb global_colors_info=\u00a0\u00bb{}\u00a0\u00bb][et_pb_column type=\u00a0\u00bb4_4&Prime; _builder_version=\u00a0\u00bb4.27.4&Prime; _module_preset=\u00a0\u00bbdefault\u00a0\u00bb global_colors_info=\u00a0\u00bb{}\u00a0\u00bb][et_pb_accordion open_toggle_text_color=\u00a0\u00bb#000000&Prime; open_toggle_background_color=\u00a0\u00bb#FFFFFF\u00a0\u00bb closed_toggle_background_color=\u00a0\u00bb#FFFFFF\u00a0\u00bb toggle_icon=\u00a0\u00bb&#xf067;||fa||900&Prime; icon_color=\u00a0\u00bb#000000&Prime; use_icon_font_size=\u00a0\u00bbon\u00a0\u00bb icon_font_size=\u00a0\u00bb18px\u00a0\u00bb module_class=\u00a0\u00bbmy_accordion my_accordion_close\u00a0\u00bb _builder_version=\u00a0\u00bb4.27.4&Prime; _module_preset=\u00a0\u00bbdefault\u00a0\u00bb toggle_text_color=\u00a0\u00bb#000000&Prime; toggle_level=\u00a0\u00bbh2&Prime; toggle_font=\u00a0\u00bbAlbert Sans|700|||||||\u00a0\u00bb toggle_font_size=\u00a0\u00bb32px\u00a0\u00bb body_font=\u00a0\u00bbRoboto Flex|&#8211;et_global_heading_font_weight|||||||\u00a0\u00bb body_text_color=\u00a0\u00bb#000000&Prime; custom_margin=\u00a0\u00bb-22px|||||\u00a0\u00bb link_option_url_new_window=\u00a0\u00bbon\u00a0\u00bb hover_enabled=\u00a0\u00bb0&Prime; toggle_font_size_tablet=\u00a0\u00bb32px\u00a0\u00bb toggle_font_size_phone=\u00a0\u00bb24px\u00a0\u00bb toggle_font_size_last_edited=\u00a0\u00bbon|phone\u00a0\u00bb locked=\u00a0\u00bboff\u00a0\u00bb global_colors_info=\u00a0\u00bb{}\u00a0\u00bb sticky_enabled=\u00a0\u00bb0&Prime;][et_pb_accordion_item title=\u00a0\u00bbcr\u00e9dit site web\u00a0\u00bb _builder_version=\u00a0\u00bb4.27.4&Prime; _module_preset=\u00a0\u00bbdefault\u00a0\u00bb global_colors_info=\u00a0\u00bb{}\u00a0\u00bb open=\u00a0\u00bbon\u00a0\u00bb]<\/p>\n<p><a href=\"https:\/\/igeneve.com\/\">IGENEVE<\/a><\/p>\n<p>[\/et_pb_accordion_item][et_pb_accordion_item title=\u00a0\u00bbcr\u00e9dits photos\u00a0\u00bb open=\u00a0\u00bboff\u00a0\u00bb _builder_version=\u00a0\u00bb4.27.4&Prime; _module_preset=\u00a0\u00bbdefault\u00a0\u00bb hover_enabled=\u00a0\u00bb0&Prime; global_colors_info=\u00a0\u00bb{}\u00a0\u00bb sticky_enabled=\u00a0\u00bb0&Prime;]<\/p>\n<p>&#8211; Tim Rod \/ HKB<\/p>\n<p>&#8211; Liliane Holdener<\/p>\n<p>&#8211; Drehbar Filmproduktion<\/p>\n<p>&#8211; Jean-Louis Fernandez<\/p>\n<p>&#8211; Herv\u00e9 V\u00e9ron\u00e8se \/ Centre Pompidou<\/p>\n<p>&#8211; Annette Boutellier \/ Musikfestival Bern<\/p>\n<p>&#8211; Lennart Fritze<\/p>\n<p><span class=\"yt-core-attributed-string yt-core-attributed-string--white-space-pre-wrap\" dir=\"auto\" role=\"text\"><span class=\"yt-core-attributed-string--link-inherit-color\" style=\"color: #131313;\" dir=\"auto\">&#8211; Violette et Th\u00e9o Martin \u2013 Artscopia<\/span><\/span><\/p>\n<p><span class=\"yt-core-attributed-string yt-core-attributed-string--white-space-pre-wrap\" dir=\"auto\" role=\"text\"><span class=\"yt-core-attributed-string--link-inherit-color\" style=\"color: #131313;\" dir=\"auto\">&#8211; Giovanni Daniotti<\/span><\/span><\/p>\n<p>[\/et_pb_accordion_item][et_pb_accordion_item title=\u00a0\u00bbcr\u00e9dits vid\u00e9o\u00a0\u00bb _builder_version=\u00a0\u00bb4.27.4&Prime; _module_preset=\u00a0\u00bbdefault\u00a0\u00bb global_colors_info=\u00a0\u00bb{}\u00a0\u00bb open=\u00a0\u00bboff\u00a0\u00bb]<\/p>\n<p><span class=\"yt-core-attributed-string yt-core-attributed-string--white-space-pre-wrap\" dir=\"auto\" role=\"text\"><span class=\"yt-core-attributed-string--link-inherit-color\" style=\"color: #131313;\" dir=\"auto\">&#8211; Violette et Th\u00e9o Martin \u2013 Artscopia<\/span><\/span><\/p>\n<p><span class=\"yt-core-attributed-string yt-core-attributed-string--white-space-pre-wrap\" dir=\"auto\" role=\"text\"><span class=\"yt-core-attributed-string--link-inherit-color\" style=\"color: #131313;\" dir=\"auto\">&#8211; V\u00e9ronique Caye<\/span><\/span><\/p>\n<p><span class=\"yt-core-attributed-string yt-core-attributed-string--white-space-pre-wrap\" dir=\"auto\" role=\"text\"><span class=\"yt-core-attributed-string--link-inherit-color\" style=\"color: #131313;\" dir=\"auto\">&#8211; Tim Wettstein<\/span><\/span><\/p>\n<p><span class=\"yt-core-attributed-string yt-core-attributed-string--white-space-pre-wrap\" dir=\"auto\" role=\"text\"><span class=\"yt-core-attributed-string--link-inherit-color\" style=\"color: #131313;\" dir=\"auto\">&#8211; Ciprian Turutea<\/span><\/span><\/p>\n<p>[\/et_pb_accordion_item][\/et_pb_accordion][\/et_pb_column][\/et_pb_row][\/et_pb_section]<\/p>\n","protected":false},"excerpt":{"rendered":"<p>cr\u00e9ditsIGENEVE- Tim Rod \/ HKB &#8211; Liliane Holdener &#8211; Drehbar Filmproduktion &#8211; Jean-Louis Fernandez &#8211; Herv\u00e9 V\u00e9ron\u00e8se \/ Centre Pompidou &#8211; Annette Boutellier \/ Musikfestival Bern &#8211; Lennart Fritze &#8211; Violette et Th\u00e9o Martin \u2013 Artscopia &#8211; Giovanni Daniotti- Violette et Th\u00e9o Martin \u2013 Artscopia &#8211; V\u00e9ronique Caye &#8211; Tim Wettstein &#8211; Ciprian Turutea<\/p>\n","protected":false},"author":1,"featured_media":0,"parent":0,"menu_order":0,"comment_status":"closed","ping_status":"closed","template":"","meta":{"_et_pb_use_builder":"on","_et_pb_old_content":"","_et_gb_content_width":"","footnotes":""},"class_list":["post-88156","page","type-page","status-publish","hentry"],"yoast_head":"<!-- This site is optimized with the Yoast SEO plugin v27.4 - https:\/\/yoast.com\/product\/yoast-seo-wordpress\/ -->\n<title>Cr\u00e9dits - Mathieu Corajod<\/title>\n<meta name=\"robots\" content=\"index, follow, max-snippet:-1, max-image-preview:large, max-video-preview:-1\" \/>\n<link rel=\"canonical\" href=\"https:\/\/mathieucorajod.com\/fr\/credits\/\" \/>\n<meta property=\"og:locale\" content=\"fr_FR\" \/>\n<meta property=\"og:type\" content=\"article\" \/>\n<meta property=\"og:title\" content=\"Cr\u00e9dits - Mathieu Corajod\" \/>\n<meta property=\"og:description\" content=\"cr\u00e9ditsIGENEVE- Tim Rod \/ HKB - Liliane Holdener - Drehbar Filmproduktion - Jean-Louis Fernandez - Herv\u00e9 V\u00e9ron\u00e8se \/ Centre Pompidou - Annette Boutellier \/ Musikfestival Bern - Lennart Fritze - Violette et Th\u00e9o Martin \u2013 Artscopia - Giovanni Daniotti- Violette et Th\u00e9o Martin \u2013 Artscopia - V\u00e9ronique Caye - Tim Wettstein - Ciprian Turutea\" \/>\n<meta property=\"og:url\" content=\"https:\/\/mathieucorajod.com\/fr\/credits\/\" \/>\n<meta property=\"og:site_name\" content=\"Mathieu Corajod\" \/>\n<meta property=\"article:publisher\" content=\"https:\/\/www.facebook.com\/mathieucorajod\" \/>\n<meta property=\"article:modified_time\" content=\"2025-08-31T08:22:41+00:00\" \/>\n<meta name=\"twitter:card\" content=\"summary_large_image\" \/>\n<script type=\"application\/ld+json\" class=\"yoast-schema-graph\">{\"@context\":\"https:\\\/\\\/schema.org\",\"@graph\":[{\"@type\":\"WebPage\",\"@id\":\"https:\\\/\\\/mathieucorajod.com\\\/fr\\\/credits\\\/\",\"url\":\"https:\\\/\\\/mathieucorajod.com\\\/fr\\\/credits\\\/\",\"name\":\"Cr\u00e9dits - Mathieu Corajod\",\"isPartOf\":{\"@id\":\"https:\\\/\\\/mathieucorajod.com\\\/fr\\\/#website\"},\"datePublished\":\"2025-08-20T14:03:01+00:00\",\"dateModified\":\"2025-08-31T08:22:41+00:00\",\"breadcrumb\":{\"@id\":\"https:\\\/\\\/mathieucorajod.com\\\/fr\\\/credits\\\/#breadcrumb\"},\"inLanguage\":\"fr-FR\",\"potentialAction\":[{\"@type\":\"ReadAction\",\"target\":[\"https:\\\/\\\/mathieucorajod.com\\\/fr\\\/credits\\\/\"]}]},{\"@type\":\"BreadcrumbList\",\"@id\":\"https:\\\/\\\/mathieucorajod.com\\\/fr\\\/credits\\\/#breadcrumb\",\"itemListElement\":[{\"@type\":\"ListItem\",\"position\":1,\"name\":\"Accueil\",\"item\":\"https:\\\/\\\/mathieucorajod.com\\\/fr\\\/\"},{\"@type\":\"ListItem\",\"position\":2,\"name\":\"Cr\u00e9dits\"}]},{\"@type\":\"WebSite\",\"@id\":\"https:\\\/\\\/mathieucorajod.com\\\/fr\\\/#website\",\"url\":\"https:\\\/\\\/mathieucorajod.com\\\/fr\\\/\",\"name\":\"Mathieu Corajod\",\"description\":\"Compositeur, metteur en sc\u00e8ne et chor\u00e9graphe franco-suisse.\",\"publisher\":{\"@id\":\"https:\\\/\\\/mathieucorajod.com\\\/fr\\\/#organization\"},\"potentialAction\":[{\"@type\":\"SearchAction\",\"target\":{\"@type\":\"EntryPoint\",\"urlTemplate\":\"https:\\\/\\\/mathieucorajod.com\\\/fr\\\/?s={search_term_string}\"},\"query-input\":{\"@type\":\"PropertyValueSpecification\",\"valueRequired\":true,\"valueName\":\"search_term_string\"}}],\"inLanguage\":\"fr-FR\"},{\"@type\":\"Organization\",\"@id\":\"https:\\\/\\\/mathieucorajod.com\\\/fr\\\/#organization\",\"name\":\"Mathieu Corajod\",\"url\":\"https:\\\/\\\/mathieucorajod.com\\\/fr\\\/\",\"logo\":{\"@type\":\"ImageObject\",\"inLanguage\":\"fr-FR\",\"@id\":\"https:\\\/\\\/mathieucorajod.com\\\/fr\\\/#\\\/schema\\\/logo\\\/image\\\/\",\"url\":\"https:\\\/\\\/mathieucorajod.com\\\/wp-content\\\/uploads\\\/2025\\\/08\\\/Capture-decran-2025-08-17-a-14.54.26.png\",\"contentUrl\":\"https:\\\/\\\/mathieucorajod.com\\\/wp-content\\\/uploads\\\/2025\\\/08\\\/Capture-decran-2025-08-17-a-14.54.26.png\",\"width\":382,\"height\":78,\"caption\":\"Mathieu Corajod\"},\"image\":{\"@id\":\"https:\\\/\\\/mathieucorajod.com\\\/fr\\\/#\\\/schema\\\/logo\\\/image\\\/\"},\"sameAs\":[\"https:\\\/\\\/www.facebook.com\\\/mathieucorajod\",\"https:\\\/\\\/www.youtube.com\\\/@mathieucorajod538\",\"https:\\\/\\\/soundcloud.com\\\/mathieu-corajod\",\"https:\\\/\\\/www.instagram.com\\\/mathieu_corajod\\\/\",\"https:\\\/\\\/mastodon.social\\\/@mathieucorajod\"]}]}<\/script>\n<!-- \/ Yoast SEO plugin. -->","yoast_head_json":{"title":"Cr\u00e9dits - Mathieu Corajod","robots":{"index":"index","follow":"follow","max-snippet":"max-snippet:-1","max-image-preview":"max-image-preview:large","max-video-preview":"max-video-preview:-1"},"canonical":"https:\/\/mathieucorajod.com\/fr\/credits\/","og_locale":"fr_FR","og_type":"article","og_title":"Cr\u00e9dits - Mathieu Corajod","og_description":"cr\u00e9ditsIGENEVE- Tim Rod \/ HKB - Liliane Holdener - Drehbar Filmproduktion - Jean-Louis Fernandez - Herv\u00e9 V\u00e9ron\u00e8se \/ Centre Pompidou - Annette Boutellier \/ Musikfestival Bern - Lennart Fritze - Violette et Th\u00e9o Martin \u2013 Artscopia - Giovanni Daniotti- Violette et Th\u00e9o Martin \u2013 Artscopia - V\u00e9ronique Caye - Tim Wettstein - Ciprian Turutea","og_url":"https:\/\/mathieucorajod.com\/fr\/credits\/","og_site_name":"Mathieu Corajod","article_publisher":"https:\/\/www.facebook.com\/mathieucorajod","article_modified_time":"2025-08-31T08:22:41+00:00","twitter_card":"summary_large_image","schema":{"@context":"https:\/\/schema.org","@graph":[{"@type":"WebPage","@id":"https:\/\/mathieucorajod.com\/fr\/credits\/","url":"https:\/\/mathieucorajod.com\/fr\/credits\/","name":"Cr\u00e9dits - Mathieu Corajod","isPartOf":{"@id":"https:\/\/mathieucorajod.com\/fr\/#website"},"datePublished":"2025-08-20T14:03:01+00:00","dateModified":"2025-08-31T08:22:41+00:00","breadcrumb":{"@id":"https:\/\/mathieucorajod.com\/fr\/credits\/#breadcrumb"},"inLanguage":"fr-FR","potentialAction":[{"@type":"ReadAction","target":["https:\/\/mathieucorajod.com\/fr\/credits\/"]}]},{"@type":"BreadcrumbList","@id":"https:\/\/mathieucorajod.com\/fr\/credits\/#breadcrumb","itemListElement":[{"@type":"ListItem","position":1,"name":"Accueil","item":"https:\/\/mathieucorajod.com\/fr\/"},{"@type":"ListItem","position":2,"name":"Cr\u00e9dits"}]},{"@type":"WebSite","@id":"https:\/\/mathieucorajod.com\/fr\/#website","url":"https:\/\/mathieucorajod.com\/fr\/","name":"Mathieu Corajod","description":"Compositeur, metteur en sc\u00e8ne et chor\u00e9graphe franco-suisse.","publisher":{"@id":"https:\/\/mathieucorajod.com\/fr\/#organization"},"potentialAction":[{"@type":"SearchAction","target":{"@type":"EntryPoint","urlTemplate":"https:\/\/mathieucorajod.com\/fr\/?s={search_term_string}"},"query-input":{"@type":"PropertyValueSpecification","valueRequired":true,"valueName":"search_term_string"}}],"inLanguage":"fr-FR"},{"@type":"Organization","@id":"https:\/\/mathieucorajod.com\/fr\/#organization","name":"Mathieu Corajod","url":"https:\/\/mathieucorajod.com\/fr\/","logo":{"@type":"ImageObject","inLanguage":"fr-FR","@id":"https:\/\/mathieucorajod.com\/fr\/#\/schema\/logo\/image\/","url":"https:\/\/mathieucorajod.com\/wp-content\/uploads\/2025\/08\/Capture-decran-2025-08-17-a-14.54.26.png","contentUrl":"https:\/\/mathieucorajod.com\/wp-content\/uploads\/2025\/08\/Capture-decran-2025-08-17-a-14.54.26.png","width":382,"height":78,"caption":"Mathieu Corajod"},"image":{"@id":"https:\/\/mathieucorajod.com\/fr\/#\/schema\/logo\/image\/"},"sameAs":["https:\/\/www.facebook.com\/mathieucorajod","https:\/\/www.youtube.com\/@mathieucorajod538","https:\/\/soundcloud.com\/mathieu-corajod","https:\/\/www.instagram.com\/mathieu_corajod\/","https:\/\/mastodon.social\/@mathieucorajod"]}]}},"_links":{"self":[{"href":"https:\/\/mathieucorajod.com\/fr\/wp-json\/wp\/v2\/pages\/88156","targetHints":{"allow":["GET"]}}],"collection":[{"href":"https:\/\/mathieucorajod.com\/fr\/wp-json\/wp\/v2\/pages"}],"about":[{"href":"https:\/\/mathieucorajod.com\/fr\/wp-json\/wp\/v2\/types\/page"}],"author":[{"embeddable":true,"href":"https:\/\/mathieucorajod.com\/fr\/wp-json\/wp\/v2\/users\/1"}],"replies":[{"embeddable":true,"href":"https:\/\/mathieucorajod.com\/fr\/wp-json\/wp\/v2\/comments?post=88156"}],"version-history":[{"count":17,"href":"https:\/\/mathieucorajod.com\/fr\/wp-json\/wp\/v2\/pages\/88156\/revisions"}],"predecessor-version":[{"id":88586,"href":"https:\/\/mathieucorajod.com\/fr\/wp-json\/wp\/v2\/pages\/88156\/revisions\/88586"}],"wp:attachment":[{"href":"https:\/\/mathieucorajod.com\/fr\/wp-json\/wp\/v2\/media?parent=88156"}],"curies":[{"name":"wp","href":"https:\/\/api.w.org\/{rel}","templated":true}]}}