{"id":86553,"date":"2025-07-13T13:43:48","date_gmt":"2025-07-13T13:43:48","guid":{"rendered":"https:\/\/v2.mathieucorajod.com\/?page_id=86553"},"modified":"2026-04-02T06:48:15","modified_gmt":"2026-04-02T06:48:15","slug":"recherche-et-enseignement","status":"publish","type":"page","link":"https:\/\/mathieucorajod.com\/fr\/recherche-et-enseignement\/","title":{"rendered":"Recherche &amp; enseignement"},"content":{"rendered":"<p>[et_pb_section fb_built=\u00a0\u00bb1&Prime; custom_padding_last_edited=\u00a0\u00bbon|phone\u00a0\u00bb _builder_version=\u00a0\u00bb4.27.4&Prime; _module_preset=\u00a0\u00bbdefault\u00a0\u00bb custom_margin=\u00a0\u00bb0px||0px||false|false\u00a0\u00bb custom_padding=\u00a0\u00bb55px|40px|55px|40px|true|true\u00a0\u00bb custom_padding_tablet=\u00a0\u00bb|40px||40px|false|false\u00a0\u00bb custom_padding_phone=\u00a0\u00bb|20px||20px|false|false\u00a0\u00bb locked=\u00a0\u00bboff\u00a0\u00bb global_colors_info=\u00a0\u00bb{}\u00a0\u00bb][et_pb_row _builder_version=\u00a0\u00bb4.24.0&Prime; _module_preset=\u00a0\u00bbdefault\u00a0\u00bb width=\u00a0\u00bb100%\u00a0\u00bb max_width=\u00a0\u00bb100%\u00a0\u00bb custom_margin=\u00a0\u00bb0px||50px||false|false\u00a0\u00bb custom_margin_tablet=\u00a0\u00bb0px||50px||false|false\u00a0\u00bb custom_margin_phone=\u00a0\u00bb0px||45px||false|false\u00a0\u00bb custom_margin_last_edited=\u00a0\u00bbon|phone\u00a0\u00bb custom_padding=\u00a0\u00bb0px||10px||false|false\u00a0\u00bb border_width_bottom=\u00a0\u00bb3px\u00a0\u00bb border_color_bottom=\u00a0\u00bb#000000&Prime; global_colors_info=\u00a0\u00bb{}\u00a0\u00bb][et_pb_column type=\u00a0\u00bb4_4&Prime; _builder_version=\u00a0\u00bb4.24.0&Prime; _module_preset=\u00a0\u00bbdefault\u00a0\u00bb global_colors_info=\u00a0\u00bb{}\u00a0\u00bb][et_pb_text _builder_version=\u00a0\u00bb4.27.4&Prime; _module_preset=\u00a0\u00bbdefault\u00a0\u00bb header_font=\u00a0\u00bbAlbert Sans|600|||||||\u00a0\u00bb header_text_align=\u00a0\u00bbleft\u00a0\u00bb header_text_color=\u00a0\u00bb#000000&Prime; header_font_size=\u00a0\u00bb79px\u00a0\u00bb header_letter_spacing=\u00a0\u00bb-3px\u00a0\u00bb header_line_height=\u00a0\u00bb1.2em\u00a0\u00bb header_2_font=\u00a0\u00bbAlbert Sans|600|||||||\u00a0\u00bb header_2_text_align=\u00a0\u00bbleft\u00a0\u00bb header_2_text_color=\u00a0\u00bb#000000&Prime; header_2_font_size=\u00a0\u00bb79px\u00a0\u00bb header_2_letter_spacing=\u00a0\u00bb-3px\u00a0\u00bb header_2_line_height=\u00a0\u00bb1.2em\u00a0\u00bb custom_margin=\u00a0\u00bb0px||0px||false|false\u00a0\u00bb custom_padding=\u00a0\u00bb0px||0px||false|false\u00a0\u00bb header_font_size_tablet=\u00a0\u00bb60px\u00a0\u00bb header_font_size_phone=\u00a0\u00bb34px\u00a0\u00bb header_font_size_last_edited=\u00a0\u00bbon|tablet\u00a0\u00bb header_letter_spacing_tablet=\u00a0\u00bb-3px\u00a0\u00bb header_letter_spacing_phone=\u00a0\u00bb-2px\u00a0\u00bb header_letter_spacing_last_edited=\u00a0\u00bbon|phone\u00a0\u00bb header_2_font_size_tablet=\u00a0\u00bb60px\u00a0\u00bb header_2_font_size_phone=\u00a0\u00bb30px\u00a0\u00bb header_2_font_size_last_edited=\u00a0\u00bbon|tablet\u00a0\u00bb global_colors_info=\u00a0\u00bb{}\u00a0\u00bb]<\/p>\n<h1>enseignement &amp; recherche<\/h1>\n<p>[\/et_pb_text][\/et_pb_column][\/et_pb_row][et_pb_row use_custom_gutter=\u00a0\u00bbon\u00a0\u00bb gutter_width=\u00a0\u00bb2&Prime; _builder_version=\u00a0\u00bb4.27.4&Prime; _module_preset=\u00a0\u00bbdefault\u00a0\u00bb width=\u00a0\u00bb100%\u00a0\u00bb max_width=\u00a0\u00bb900px\u00a0\u00bb module_alignment=\u00a0\u00bbright\u00a0\u00bb custom_margin=\u00a0\u00bb0px|auto|5px|auto|false|false\u00a0\u00bb custom_margin_tablet=\u00a0\u00bb0px||||false|false\u00a0\u00bb custom_margin_phone=\u00a0\u00bb||||false|false\u00a0\u00bb custom_margin_last_edited=\u00a0\u00bbon|desktop\u00a0\u00bb custom_padding=\u00a0\u00bb0px||0px||false|false\u00a0\u00bb global_colors_info=\u00a0\u00bb{}\u00a0\u00bb][et_pb_column type=\u00a0\u00bb4_4&Prime; _builder_version=\u00a0\u00bb4.27.4&Prime; _module_preset=\u00a0\u00bbdefault\u00a0\u00bb global_colors_info=\u00a0\u00bb{}\u00a0\u00bb][et_pb_text module_id=\u00a0\u00bbautres\u00a0\u00bb _builder_version=\u00a0\u00bb4.27.4&Prime; _module_preset=\u00a0\u00bbdefault\u00a0\u00bb max_width=\u00a0\u00bb900px\u00a0\u00bb custom_padding=\u00a0\u00bb1px||||false|false\u00a0\u00bb global_colors_info=\u00a0\u00bb{}\u00a0\u00bb]<\/p>\n<p>Depuis 2015, je d\u00e9veloppe une activit\u00e9 p\u00e9dagogique et scientifique au sein de la <a href=\"http:\/\/www.hkb.bfh.ch\/fr\/\">Haute \u00e9cole des arts de Berne<\/a> (HKB), o\u00f9 j\u2019ai occup\u00e9 diff\u00e9rents postes : assistant, curateur, chercheur et professeur invit\u00e9.<\/p>\n<p>[\/et_pb_text][et_pb_text module_id=\u00a0\u00bbrecherche\u00a0\u00bb _builder_version=\u00a0\u00bb4.27.4&Prime; _module_preset=\u00a0\u00bbdefault\u00a0\u00bb max_width=\u00a0\u00bb900px\u00a0\u00bb custom_padding=\u00a0\u00bb1px||||false|false\u00a0\u00bb hover_enabled=\u00a0\u00bb0&Prime; global_colors_info=\u00a0\u00bb{}\u00a0\u00bb sticky_enabled=\u00a0\u00bb0&Prime;]<\/p>\n<p>J&rsquo;ai consacr\u00e9 ma th\u00e8se de doctorat aux compositions verbales de <a href=\"https:\/\/musinfo.ch\/de\/personen\/alle\/?pers_id=79\">Hans W\u00fcthrich<\/a> (1937\u20132019), compositeur et linguiste suisse, sous la direction de Nicolas Donin et Michael Harenberg. Ce travail de recherche s\u2019inscrit dans le cadre du projet \u00ab\u202fSchreiben mit Stimmen\u202f\u00bb port\u00e9 par la HKB et financ\u00e9 par le Fonds national suisse (FNS).<\/p>\n<p>[\/et_pb_text][et_pb_button button_url=\u00a0\u00bbhttps:\/\/www.hkb-interpretation.ch\/projekte\/schreiben-mit-stimmen\u00a0\u00bb url_new_window=\u00a0\u00bbon\u00a0\u00bb button_text=\u00a0\u00bb%22Schreiben mit Stimmen%22 : Projet FNS \u00e0 la Haute \u00e9cole des arts de Berne\u00a0\u00bb _builder_version=\u00a0\u00bb4.27.4&Prime; _module_preset=\u00a0\u00bbdefault\u00a0\u00bb custom_margin=\u00a0\u00bb||2px|||\u00a0\u00bb global_colors_info=\u00a0\u00bb{}\u00a0\u00bb][\/et_pb_button][et_pb_text module_id=\u00a0\u00bbenseignement\u00a0\u00bb _builder_version=\u00a0\u00bb4.27.4&Prime; _module_preset=\u00a0\u00bbdefault\u00a0\u00bb max_width=\u00a0\u00bb900px\u00a0\u00bb custom_margin=\u00a0\u00bb||15px|||\u00a0\u00bb custom_padding=\u00a0\u00bb43px||||false|false\u00a0\u00bb global_colors_info=\u00a0\u00bb{}\u00a0\u00bb]<\/p>\n<p>J\u2019ai \u00e9galement \u00e9t\u00e9 invit\u00e9 \u00e0 donner des conf\u00e9rences, ateliers ou enseignements dans plusieurs institutions artistiques et universitaires, parmi lesquelles :<a href=\"https:\/\/www.fr.ch\/conservatoire\" target=\"_blank\" rel=\"noopener\"><\/a><\/p>\n<p>[\/et_pb_text][et_pb_text module_id=\u00a0\u00bbautres\u00a0\u00bb _builder_version=\u00a0\u00bb4.27.4&Prime; _module_preset=\u00a0\u00bbdefault\u00a0\u00bb max_width=\u00a0\u00bb900px\u00a0\u00bb custom_padding=\u00a0\u00bb2px||||false|false\u00a0\u00bb global_colors_info=\u00a0\u00bb{}\u00a0\u00bb]<\/p>\n<ul>\n<li><a href=\"https:\/\/www.udk-berlin.de\/universitaet\/fakultaet-musik\/institute\/klangzeitort\/\">Universit\u00e4t der K\u00fcnste Berlin \u2013 UdK<\/a><\/li>\n<li><a href=\"https:\/\/www.ircam.fr\/transmission\/manifeste\/academie\" target=\"_blank\" rel=\"noopener\">Acad\u00e9mie ManiFeste \u2013 IRCAM<\/a><\/li>\n<li><a href=\"https:\/\/www.fhnw.ch\/de\/die-fhnw\/hochschulen\/musik\" target=\"_blank\" rel=\"noopener\">Hochschule f\u00fcr Musik Basel \u2013 FHNW<\/a><\/li>\n<li><a href=\"https:\/\/www.hslu.ch\/de-ch\/musik\/\" target=\"_blank\" rel=\"noopener\">Hochschule Luzern \u2013 Musik<\/a><\/li>\n<li><a href=\"https:\/\/www.unige.ch\/\" target=\"_blank\" rel=\"noopener\">Universit\u00e9 de Gen\u00e8ve<\/a><\/li>\n<li><a href=\"https:\/\/www.fr.ch\/conservatoire\" target=\"_blank\" rel=\"noopener\">Conservatoire de Fribourg<\/a><\/li>\n<\/ul>\n<p>[\/et_pb_text][\/et_pb_column][\/et_pb_row][\/et_pb_section]<\/p>\n","protected":false},"excerpt":{"rendered":"<p>enseignement &amp; rechercheDepuis 2015, je d\u00e9veloppe une activit\u00e9 p\u00e9dagogique et scientifique au sein de la Haute \u00e9cole des arts de Berne (HKB), o\u00f9 j\u2019ai occup\u00e9 diff\u00e9rents postes : assistant, curateur, chercheur et professeur invit\u00e9.J&rsquo;ai consacr\u00e9 ma th\u00e8se de doctorat aux compositions verbales de Hans W\u00fcthrich (1937\u20132019), compositeur et linguiste suisse, sous la direction de Nicolas Donin et Michael Harenberg. Ce travail de recherche s\u2019inscrit dans le cadre du projet \u00ab\u202fSchreiben mit Stimmen\u202f\u00bb port\u00e9 par la HKB et financ\u00e9 par le Fonds national suisse (FNS).J\u2019ai \u00e9galement \u00e9t\u00e9 invit\u00e9 \u00e0 donner des conf\u00e9rences, ateliers ou enseignements dans plusieurs institutions artistiques et universitaires, parmi lesquelles : Universit\u00e4t der K\u00fcnste Berlin \u2013 UdK Acad\u00e9mie ManiFeste \u2013 IRCAM Hochschule f\u00fcr Musik Basel \u2013 FHNW Hochschule Luzern \u2013 Musik Universit\u00e9 de Gen\u00e8ve Conservatoire de Fribourg<\/p>\n","protected":false},"author":1,"featured_media":0,"parent":0,"menu_order":0,"comment_status":"closed","ping_status":"closed","template":"","meta":{"_et_pb_use_builder":"on","_et_pb_old_content":"<!-- wp:divi\/placeholder \/-->","_et_gb_content_width":"","footnotes":""},"class_list":["post-86553","page","type-page","status-publish","hentry"],"yoast_head":"<!-- This site is optimized with the Yoast SEO plugin v27.4 - https:\/\/yoast.com\/product\/yoast-seo-wordpress\/ -->\n<title>Recherche &amp; enseignement - Mathieu Corajod<\/title>\n<meta name=\"robots\" content=\"index, follow, max-snippet:-1, max-image-preview:large, max-video-preview:-1\" \/>\n<link rel=\"canonical\" href=\"https:\/\/mathieucorajod.com\/fr\/recherche-et-enseignement\/\" \/>\n<meta property=\"og:locale\" content=\"fr_FR\" \/>\n<meta property=\"og:type\" content=\"article\" \/>\n<meta property=\"og:title\" content=\"Recherche &amp; enseignement - Mathieu Corajod\" \/>\n<meta property=\"og:description\" content=\"enseignement &amp; rechercheDepuis 2015, je d\u00e9veloppe une activit\u00e9 p\u00e9dagogique et scientifique au sein de la Haute \u00e9cole des arts de Berne (HKB), o\u00f9 j\u2019ai occup\u00e9 diff\u00e9rents postes : assistant, curateur, chercheur et professeur invit\u00e9.J&#039;ai consacr\u00e9 ma th\u00e8se de doctorat aux compositions verbales de Hans W\u00fcthrich (1937\u20132019), compositeur et linguiste suisse, sous la direction de Nicolas Donin et Michael Harenberg. Ce travail de recherche s\u2019inscrit dans le cadre du projet \u00ab\u202fSchreiben mit Stimmen\u202f\u00bb port\u00e9 par la HKB et financ\u00e9 par le Fonds national suisse (FNS).J\u2019ai \u00e9galement \u00e9t\u00e9 invit\u00e9 \u00e0 donner des conf\u00e9rences, ateliers ou enseignements dans plusieurs institutions artistiques et universitaires, parmi lesquelles : Universit\u00e4t der K\u00fcnste Berlin \u2013 UdK Acad\u00e9mie ManiFeste \u2013 IRCAM Hochschule f\u00fcr Musik Basel \u2013 FHNW Hochschule Luzern \u2013 Musik Universit\u00e9 de Gen\u00e8ve Conservatoire de Fribourg\" \/>\n<meta property=\"og:url\" content=\"https:\/\/mathieucorajod.com\/fr\/recherche-et-enseignement\/\" \/>\n<meta property=\"og:site_name\" content=\"Mathieu Corajod\" \/>\n<meta property=\"article:publisher\" content=\"https:\/\/www.facebook.com\/mathieucorajod\" \/>\n<meta property=\"article:modified_time\" content=\"2026-04-02T06:48:15+00:00\" \/>\n<meta name=\"twitter:card\" content=\"summary_large_image\" \/>\n<meta name=\"twitter:label1\" content=\"Dur\u00e9e de lecture estim\u00e9e\" \/>\n\t<meta name=\"twitter:data1\" content=\"3 minutes\" \/>\n<script type=\"application\/ld+json\" class=\"yoast-schema-graph\">{\"@context\":\"https:\\\/\\\/schema.org\",\"@graph\":[{\"@type\":\"WebPage\",\"@id\":\"https:\\\/\\\/mathieucorajod.com\\\/fr\\\/recherche-et-enseignement\\\/\",\"url\":\"https:\\\/\\\/mathieucorajod.com\\\/fr\\\/recherche-et-enseignement\\\/\",\"name\":\"Recherche &amp; enseignement - Mathieu Corajod\",\"isPartOf\":{\"@id\":\"https:\\\/\\\/mathieucorajod.com\\\/fr\\\/#website\"},\"datePublished\":\"2025-07-13T13:43:48+00:00\",\"dateModified\":\"2026-04-02T06:48:15+00:00\",\"breadcrumb\":{\"@id\":\"https:\\\/\\\/mathieucorajod.com\\\/fr\\\/recherche-et-enseignement\\\/#breadcrumb\"},\"inLanguage\":\"fr-FR\",\"potentialAction\":[{\"@type\":\"ReadAction\",\"target\":[\"https:\\\/\\\/mathieucorajod.com\\\/fr\\\/recherche-et-enseignement\\\/\"]}]},{\"@type\":\"BreadcrumbList\",\"@id\":\"https:\\\/\\\/mathieucorajod.com\\\/fr\\\/recherche-et-enseignement\\\/#breadcrumb\",\"itemListElement\":[{\"@type\":\"ListItem\",\"position\":1,\"name\":\"Accueil\",\"item\":\"https:\\\/\\\/mathieucorajod.com\\\/fr\\\/\"},{\"@type\":\"ListItem\",\"position\":2,\"name\":\"Recherche &amp; enseignement\"}]},{\"@type\":\"WebSite\",\"@id\":\"https:\\\/\\\/mathieucorajod.com\\\/fr\\\/#website\",\"url\":\"https:\\\/\\\/mathieucorajod.com\\\/fr\\\/\",\"name\":\"Mathieu Corajod\",\"description\":\"Compositeur, metteur en sc\u00e8ne et chor\u00e9graphe franco-suisse.\",\"publisher\":{\"@id\":\"https:\\\/\\\/mathieucorajod.com\\\/fr\\\/#organization\"},\"potentialAction\":[{\"@type\":\"SearchAction\",\"target\":{\"@type\":\"EntryPoint\",\"urlTemplate\":\"https:\\\/\\\/mathieucorajod.com\\\/fr\\\/?s={search_term_string}\"},\"query-input\":{\"@type\":\"PropertyValueSpecification\",\"valueRequired\":true,\"valueName\":\"search_term_string\"}}],\"inLanguage\":\"fr-FR\"},{\"@type\":\"Organization\",\"@id\":\"https:\\\/\\\/mathieucorajod.com\\\/fr\\\/#organization\",\"name\":\"Mathieu Corajod\",\"url\":\"https:\\\/\\\/mathieucorajod.com\\\/fr\\\/\",\"logo\":{\"@type\":\"ImageObject\",\"inLanguage\":\"fr-FR\",\"@id\":\"https:\\\/\\\/mathieucorajod.com\\\/fr\\\/#\\\/schema\\\/logo\\\/image\\\/\",\"url\":\"https:\\\/\\\/mathieucorajod.com\\\/wp-content\\\/uploads\\\/2025\\\/08\\\/Capture-decran-2025-08-17-a-14.54.26.png\",\"contentUrl\":\"https:\\\/\\\/mathieucorajod.com\\\/wp-content\\\/uploads\\\/2025\\\/08\\\/Capture-decran-2025-08-17-a-14.54.26.png\",\"width\":382,\"height\":78,\"caption\":\"Mathieu Corajod\"},\"image\":{\"@id\":\"https:\\\/\\\/mathieucorajod.com\\\/fr\\\/#\\\/schema\\\/logo\\\/image\\\/\"},\"sameAs\":[\"https:\\\/\\\/www.facebook.com\\\/mathieucorajod\",\"https:\\\/\\\/www.youtube.com\\\/@mathieucorajod538\",\"https:\\\/\\\/soundcloud.com\\\/mathieu-corajod\",\"https:\\\/\\\/www.instagram.com\\\/mathieu_corajod\\\/\",\"https:\\\/\\\/mastodon.social\\\/@mathieucorajod\"]}]}<\/script>\n<!-- \/ Yoast SEO plugin. -->","yoast_head_json":{"title":"Recherche &amp; enseignement - Mathieu Corajod","robots":{"index":"index","follow":"follow","max-snippet":"max-snippet:-1","max-image-preview":"max-image-preview:large","max-video-preview":"max-video-preview:-1"},"canonical":"https:\/\/mathieucorajod.com\/fr\/recherche-et-enseignement\/","og_locale":"fr_FR","og_type":"article","og_title":"Recherche &amp; enseignement - Mathieu Corajod","og_description":"enseignement &amp; rechercheDepuis 2015, je d\u00e9veloppe une activit\u00e9 p\u00e9dagogique et scientifique au sein de la Haute \u00e9cole des arts de Berne (HKB), o\u00f9 j\u2019ai occup\u00e9 diff\u00e9rents postes : assistant, curateur, chercheur et professeur invit\u00e9.J'ai consacr\u00e9 ma th\u00e8se de doctorat aux compositions verbales de Hans W\u00fcthrich (1937\u20132019), compositeur et linguiste suisse, sous la direction de Nicolas Donin et Michael Harenberg. Ce travail de recherche s\u2019inscrit dans le cadre du projet \u00ab\u202fSchreiben mit Stimmen\u202f\u00bb port\u00e9 par la HKB et financ\u00e9 par le Fonds national suisse (FNS).J\u2019ai \u00e9galement \u00e9t\u00e9 invit\u00e9 \u00e0 donner des conf\u00e9rences, ateliers ou enseignements dans plusieurs institutions artistiques et universitaires, parmi lesquelles : Universit\u00e4t der K\u00fcnste Berlin \u2013 UdK Acad\u00e9mie ManiFeste \u2013 IRCAM Hochschule f\u00fcr Musik Basel \u2013 FHNW Hochschule Luzern \u2013 Musik Universit\u00e9 de Gen\u00e8ve Conservatoire de Fribourg","og_url":"https:\/\/mathieucorajod.com\/fr\/recherche-et-enseignement\/","og_site_name":"Mathieu Corajod","article_publisher":"https:\/\/www.facebook.com\/mathieucorajod","article_modified_time":"2026-04-02T06:48:15+00:00","twitter_card":"summary_large_image","twitter_misc":{"Dur\u00e9e de lecture estim\u00e9e":"3 minutes"},"schema":{"@context":"https:\/\/schema.org","@graph":[{"@type":"WebPage","@id":"https:\/\/mathieucorajod.com\/fr\/recherche-et-enseignement\/","url":"https:\/\/mathieucorajod.com\/fr\/recherche-et-enseignement\/","name":"Recherche &amp; enseignement - Mathieu Corajod","isPartOf":{"@id":"https:\/\/mathieucorajod.com\/fr\/#website"},"datePublished":"2025-07-13T13:43:48+00:00","dateModified":"2026-04-02T06:48:15+00:00","breadcrumb":{"@id":"https:\/\/mathieucorajod.com\/fr\/recherche-et-enseignement\/#breadcrumb"},"inLanguage":"fr-FR","potentialAction":[{"@type":"ReadAction","target":["https:\/\/mathieucorajod.com\/fr\/recherche-et-enseignement\/"]}]},{"@type":"BreadcrumbList","@id":"https:\/\/mathieucorajod.com\/fr\/recherche-et-enseignement\/#breadcrumb","itemListElement":[{"@type":"ListItem","position":1,"name":"Accueil","item":"https:\/\/mathieucorajod.com\/fr\/"},{"@type":"ListItem","position":2,"name":"Recherche &amp; enseignement"}]},{"@type":"WebSite","@id":"https:\/\/mathieucorajod.com\/fr\/#website","url":"https:\/\/mathieucorajod.com\/fr\/","name":"Mathieu Corajod","description":"Compositeur, metteur en sc\u00e8ne et chor\u00e9graphe franco-suisse.","publisher":{"@id":"https:\/\/mathieucorajod.com\/fr\/#organization"},"potentialAction":[{"@type":"SearchAction","target":{"@type":"EntryPoint","urlTemplate":"https:\/\/mathieucorajod.com\/fr\/?s={search_term_string}"},"query-input":{"@type":"PropertyValueSpecification","valueRequired":true,"valueName":"search_term_string"}}],"inLanguage":"fr-FR"},{"@type":"Organization","@id":"https:\/\/mathieucorajod.com\/fr\/#organization","name":"Mathieu Corajod","url":"https:\/\/mathieucorajod.com\/fr\/","logo":{"@type":"ImageObject","inLanguage":"fr-FR","@id":"https:\/\/mathieucorajod.com\/fr\/#\/schema\/logo\/image\/","url":"https:\/\/mathieucorajod.com\/wp-content\/uploads\/2025\/08\/Capture-decran-2025-08-17-a-14.54.26.png","contentUrl":"https:\/\/mathieucorajod.com\/wp-content\/uploads\/2025\/08\/Capture-decran-2025-08-17-a-14.54.26.png","width":382,"height":78,"caption":"Mathieu Corajod"},"image":{"@id":"https:\/\/mathieucorajod.com\/fr\/#\/schema\/logo\/image\/"},"sameAs":["https:\/\/www.facebook.com\/mathieucorajod","https:\/\/www.youtube.com\/@mathieucorajod538","https:\/\/soundcloud.com\/mathieu-corajod","https:\/\/www.instagram.com\/mathieu_corajod\/","https:\/\/mastodon.social\/@mathieucorajod"]}]}},"_links":{"self":[{"href":"https:\/\/mathieucorajod.com\/fr\/wp-json\/wp\/v2\/pages\/86553","targetHints":{"allow":["GET"]}}],"collection":[{"href":"https:\/\/mathieucorajod.com\/fr\/wp-json\/wp\/v2\/pages"}],"about":[{"href":"https:\/\/mathieucorajod.com\/fr\/wp-json\/wp\/v2\/types\/page"}],"author":[{"embeddable":true,"href":"https:\/\/mathieucorajod.com\/fr\/wp-json\/wp\/v2\/users\/1"}],"replies":[{"embeddable":true,"href":"https:\/\/mathieucorajod.com\/fr\/wp-json\/wp\/v2\/comments?post=86553"}],"version-history":[{"count":20,"href":"https:\/\/mathieucorajod.com\/fr\/wp-json\/wp\/v2\/pages\/86553\/revisions"}],"predecessor-version":[{"id":89556,"href":"https:\/\/mathieucorajod.com\/fr\/wp-json\/wp\/v2\/pages\/86553\/revisions\/89556"}],"wp:attachment":[{"href":"https:\/\/mathieucorajod.com\/fr\/wp-json\/wp\/v2\/media?parent=86553"}],"curies":[{"name":"wp","href":"https:\/\/api.w.org\/{rel}","templated":true}]}}