{"id":3,"date":"2025-07-08T07:06:55","date_gmt":"2025-07-08T07:06:55","guid":{"rendered":"https:\/\/v2.mathieucorajod.com\/?page_id=3"},"modified":"2025-09-09T16:47:41","modified_gmt":"2025-09-09T16:47:41","slug":"privacy-policy","status":"publish","type":"page","link":"https:\/\/mathieucorajod.com\/fr\/privacy-policy\/","title":{"rendered":"Politique de confidentialit\u00e9"},"content":{"rendered":"<p>[et_pb_section fb_built=\u00a0\u00bb1&Prime; custom_padding_last_edited=\u00a0\u00bbon|phone\u00a0\u00bb _builder_version=\u00a0\u00bb4.27.4&Prime; _module_preset=\u00a0\u00bbdefault\u00a0\u00bb custom_margin=\u00a0\u00bb0px||0px||false|false\u00a0\u00bb custom_padding=\u00a0\u00bb55px|40px|58px|40px|false|true\u00a0\u00bb custom_padding_tablet=\u00a0\u00bb|40px||40px|false|false\u00a0\u00bb custom_padding_phone=\u00a0\u00bb|20px||20px|false|false\u00a0\u00bb locked=\u00a0\u00bboff\u00a0\u00bb global_colors_info=\u00a0\u00bb{}\u00a0\u00bb][et_pb_row _builder_version=\u00a0\u00bb4.24.0&Prime; _module_preset=\u00a0\u00bbdefault\u00a0\u00bb width=\u00a0\u00bb100%\u00a0\u00bb max_width=\u00a0\u00bb100%\u00a0\u00bb custom_margin=\u00a0\u00bb0px||50px||false|false\u00a0\u00bb custom_margin_tablet=\u00a0\u00bb0px||50px||false|false\u00a0\u00bb custom_margin_phone=\u00a0\u00bb0px||45px||false|false\u00a0\u00bb custom_margin_last_edited=\u00a0\u00bbon|phone\u00a0\u00bb custom_padding=\u00a0\u00bb0px||10px||false|false\u00a0\u00bb border_width_bottom=\u00a0\u00bb3px\u00a0\u00bb border_color_bottom=\u00a0\u00bb#000000&Prime; global_colors_info=\u00a0\u00bb{}\u00a0\u00bb][et_pb_column type=\u00a0\u00bb4_4&Prime; _builder_version=\u00a0\u00bb4.24.0&Prime; _module_preset=\u00a0\u00bbdefault\u00a0\u00bb global_colors_info=\u00a0\u00bb{}\u00a0\u00bb][et_pb_text _builder_version=\u00a0\u00bb4.27.4&Prime; _module_preset=\u00a0\u00bbdefault\u00a0\u00bb header_font=\u00a0\u00bbAlbert Sans|600|||||||\u00a0\u00bb header_text_align=\u00a0\u00bbleft\u00a0\u00bb header_text_color=\u00a0\u00bb#000000&Prime; header_font_size=\u00a0\u00bb79px\u00a0\u00bb header_letter_spacing=\u00a0\u00bb-3px\u00a0\u00bb header_line_height=\u00a0\u00bb1.2em\u00a0\u00bb header_2_font=\u00a0\u00bbAlbert Sans|600|||||||\u00a0\u00bb header_2_text_align=\u00a0\u00bbleft\u00a0\u00bb header_2_text_color=\u00a0\u00bb#000000&Prime; header_2_font_size=\u00a0\u00bb79px\u00a0\u00bb header_2_letter_spacing=\u00a0\u00bb-3px\u00a0\u00bb header_2_line_height=\u00a0\u00bb1.2em\u00a0\u00bb custom_margin=\u00a0\u00bb0px||0px||false|false\u00a0\u00bb custom_padding=\u00a0\u00bb0px||0px||false|false\u00a0\u00bb header_font_size_tablet=\u00a0\u00bb60px\u00a0\u00bb header_font_size_phone=\u00a0\u00bb34px\u00a0\u00bb header_font_size_last_edited=\u00a0\u00bbon|tablet\u00a0\u00bb header_letter_spacing_tablet=\u00a0\u00bb-3px\u00a0\u00bb header_letter_spacing_phone=\u00a0\u00bb-2px\u00a0\u00bb header_letter_spacing_last_edited=\u00a0\u00bbon|phone\u00a0\u00bb header_2_font_size_tablet=\u00a0\u00bb60px\u00a0\u00bb header_2_font_size_phone=\u00a0\u00bb30px\u00a0\u00bb header_2_font_size_last_edited=\u00a0\u00bbon|tablet\u00a0\u00bb global_colors_info=\u00a0\u00bb{}\u00a0\u00bb]<\/p>\n<h1>politique de confidentialit\u00e9<\/h1>\n<p>[\/et_pb_text][\/et_pb_column][\/et_pb_row][et_pb_row custom_padding_last_edited=\u00a0\u00bbon|tablet\u00a0\u00bb _builder_version=\u00a0\u00bb4.27.4&Prime; _module_preset=\u00a0\u00bbdefault\u00a0\u00bb width=\u00a0\u00bb100%\u00a0\u00bb max_width=\u00a0\u00bb100%\u00a0\u00bb custom_margin=\u00a0\u00bb0px||0px||false|false\u00a0\u00bb custom_padding=\u00a0\u00bb0px||0px|27%|false|false\u00a0\u00bb custom_padding_tablet=\u00a0\u00bb0px||0px|0%|false|false\u00a0\u00bb custom_padding_phone=\u00a0\u00bb0px||0px|0%|false|false\u00a0\u00bb link_option_url_new_window=\u00a0\u00bbon\u00a0\u00bb hover_enabled=\u00a0\u00bb0&Prime; border_color_top=\u00a0\u00bb#000000&Prime; global_colors_info=\u00a0\u00bb{}\u00a0\u00bb sticky_enabled=\u00a0\u00bb0&Prime;][et_pb_column type=\u00a0\u00bb4_4&Prime; _builder_version=\u00a0\u00bb4.27.4&Prime; _module_preset=\u00a0\u00bbdefault\u00a0\u00bb custom_padding=\u00a0\u00bb25px||31px||false|false\u00a0\u00bb custom_padding_tablet=\u00a0\u00bb25px||31px||false|false\u00a0\u00bb custom_padding_phone=\u00a0\u00bb20px||26px||false|false\u00a0\u00bb custom_padding_last_edited=\u00a0\u00bbon|phone\u00a0\u00bb border_color_top=\u00a0\u00bb#000000&Prime; border_width_bottom=\u00a0\u00bb1px\u00a0\u00bb border_color_bottom=\u00a0\u00bb#000000&Prime; global_colors_info=\u00a0\u00bb{}\u00a0\u00bb][et_pb_text _builder_version=\u00a0\u00bb4.27.4&Prime; _module_preset=\u00a0\u00bbdefault\u00a0\u00bb hover_enabled=\u00a0\u00bb0&Prime; global_colors_info=\u00a0\u00bb{}\u00a0\u00bb sticky_enabled=\u00a0\u00bb0&Prime;]<\/p>\n<p>La pr\u00e9sente Politique de confidentialit\u00e9 explique comment nous collectons, utilisons et prot\u00e9geons vos donn\u00e9es personnelles lorsque vous utilisez le site mathieucorajod.com exploit\u00e9 par Mathieu Corajod.<\/p>\n<h2>1. Responsable du traitement<\/h2>\n<p>Le responsable du traitement des donn\u00e9es est :<br \/>Mathieu Corajod<br \/>Contact : via le formulaire de contact du site ou par email \u00e0 l\u2019adresse figurant sur le site.<\/p>\n<h2>2. Donn\u00e9es personnelles collect\u00e9es<\/h2>\n<p>Nous collectons uniquement les donn\u00e9es personnelles n\u00e9cessaires pour assurer le bon fonctionnement du site et la fourniture de nos services, par exemple :<\/p>\n<ul>\n<li>Informations transmises via le formulaire de contact (nom, pr\u00e9nom, email, t\u00e9l\u00e9phone, etc.).<\/li>\n<li>Donn\u00e9es techniques transmises automatiquement par votre navigateur (adresse IP, type de navigateur, pages visit\u00e9es, etc.).<\/li>\n<li>Donn\u00e9es li\u00e9es \u00e0 l\u2019utilisation de cookies et d\u2019outils d\u2019analyse.<\/li>\n<\/ul>\n<h2>3. Finalit\u00e9s du traitement<\/h2>\n<p>Les donn\u00e9es sont utilis\u00e9es uniquement pour :<\/p>\n<ul>\n<li>R\u00e9pondre \u00e0 vos demandes de contact.<\/li>\n<li>Am\u00e9liorer le fonctionnement et la s\u00e9curit\u00e9 du site.<\/li>\n<li>Analyser l\u2019utilisation du site (statistiques anonymes).<\/li>\n<li>Respecter nos obligations l\u00e9gales.<\/li>\n<\/ul>\n<h2>4. Cookies et outils d\u2019analyse<\/h2>\n<p>Notre site peut utiliser des cookies et services d\u2019analyse (par ex. Google Analytics). Vous pouvez configurer votre navigateur pour refuser les cookies ou \u00eatre inform\u00e9 lorsqu\u2019un cookie est enregistr\u00e9. Le refus de certains cookies peut limiter l\u2019utilisation du site.<br \/><a class=\"cky-banner-element\">Changer les r\u00e9glages des Cookies<\/a><\/p>\n<h2>5. Transmission \u00e0 des tiers<\/h2>\n<p>Vos donn\u00e9es personnelles ne sont pas transmises \u00e0 des tiers sans votre consentement, sauf :<\/p>\n<ul>\n<li>si cela est n\u00e9cessaire \u00e0 l\u2019ex\u00e9cution du service (h\u00e9bergeur, prestataire technique) ;<\/li>\n<li>si la loi l\u2019exige (autorit\u00e9s, obligations l\u00e9gales).<\/li>\n<\/ul>\n<h2>6. Dur\u00e9e de conservation<\/h2>\n<p>Nous conservons vos donn\u00e9es personnelles uniquement aussi longtemps que n\u00e9cessaire pour remplir les finalit\u00e9s d\u00e9crites ci-dessus ou selon les obligations l\u00e9gales de conservation.<\/p>\n<h2>7. S\u00e9curit\u00e9 des donn\u00e9es<\/h2>\n<p>Nous mettons en place des mesures techniques et organisationnelles appropri\u00e9es pour prot\u00e9ger vos donn\u00e9es contre l\u2019acc\u00e8s non autoris\u00e9, la perte ou la destruction.<\/p>\n<h2>8. Vos droits<\/h2>\n<p>Conform\u00e9ment \u00e0 la Loi f\u00e9d\u00e9rale suisse sur la protection des donn\u00e9es (LPD), vous disposez des droits suivants :<\/p>\n<ul>\n<li>Droit d\u2019acc\u00e8s \u00e0 vos donn\u00e9es.<\/li>\n<li>Droit de rectification ou suppression.<\/li>\n<li>Droit de limitation ou opposition au traitement.<\/li>\n<\/ul>\n<p>Pour exercer ces droits, contactez-nous via les coordonn\u00e9es indiqu\u00e9es ci-dessus.<\/p>\n<h2>9. For juridique<\/h2>\n<p>Tout litige relatif \u00e0 l\u2019utilisation du site ou \u00e0 la pr\u00e9sente Politique de confidentialit\u00e9 est soumis exclusivement au droit suisse. Le for juridique est Bern.<\/p>\n<h2>10. Modification de la Politique de confidentialit\u00e9<\/h2>\n<p>Nous pouvons modifier cette Politique de confidentialit\u00e9 \u00e0 tout moment. La version en vigueur est celle publi\u00e9e sur notre site au moment de votre visite.<\/p>\n<p>[\/et_pb_text][\/et_pb_column][\/et_pb_row][\/et_pb_section]<\/p>\n","protected":false},"excerpt":{"rendered":"<p>politique de confidentialit\u00e9La pr\u00e9sente Politique de confidentialit\u00e9 explique comment nous collectons, utilisons et prot\u00e9geons vos donn\u00e9es personnelles lorsque vous utilisez le site mathieucorajod.com exploit\u00e9 par Mathieu Corajod. 1. Responsable du traitement Le responsable du traitement des donn\u00e9es est :Mathieu CorajodContact : via le formulaire de contact du site ou par email \u00e0 l\u2019adresse figurant sur le site. 2. Donn\u00e9es personnelles collect\u00e9es Nous collectons uniquement les donn\u00e9es personnelles n\u00e9cessaires pour assurer le bon fonctionnement du site et la fourniture de nos services, par exemple : Informations transmises via le formulaire de contact (nom, pr\u00e9nom, email, t\u00e9l\u00e9phone, etc.). Donn\u00e9es techniques transmises automatiquement par votre navigateur (adresse IP, type de navigateur, pages visit\u00e9es, etc.). Donn\u00e9es li\u00e9es \u00e0 l\u2019utilisation de cookies et d\u2019outils d\u2019analyse. 3. Finalit\u00e9s du traitement Les donn\u00e9es sont utilis\u00e9es uniquement pour : R\u00e9pondre \u00e0 vos demandes de contact. Am\u00e9liorer le fonctionnement et la s\u00e9curit\u00e9 du site. Analyser l\u2019utilisation du site (statistiques anonymes). Respecter nos obligations l\u00e9gales. 4. Cookies et outils d\u2019analyse Notre site peut utiliser des cookies et services d\u2019analyse (par ex. Google Analytics). Vous pouvez configurer votre navigateur pour refuser les cookies ou \u00eatre inform\u00e9 lorsqu\u2019un cookie est enregistr\u00e9. Le refus de certains cookies peut limiter l\u2019utilisation du site.Changer les [&hellip;]<\/p>\n","protected":false},"author":1,"featured_media":0,"parent":0,"menu_order":0,"comment_status":"closed","ping_status":"open","template":"","meta":{"_et_pb_use_builder":"on","_et_pb_old_content":"<!-- wp:heading -->\n<h2 class=\"wp-block-heading\">Who we are<\/h2>\n<!-- \/wp:heading -->\n<!-- wp:paragraph -->\n<p><strong class=\"privacy-policy-tutorial\">Suggested text: <\/strong>Our website address is: https:\/\/mathieucorajod.com.<\/p>\n<!-- \/wp:paragraph -->\n<!-- wp:heading -->\n<h2 class=\"wp-block-heading\">Comments<\/h2>\n<!-- \/wp:heading -->\n<!-- wp:paragraph -->\n<p><strong class=\"privacy-policy-tutorial\">Suggested text: <\/strong>When visitors leave comments on the site we collect the data shown in the comments form, and also the visitor&#8217;s IP address and browser user agent string to help spam detection.<\/p>\n<!-- \/wp:paragraph -->\n<!-- wp:paragraph -->\n<p>An anonymized string created from your email address (also called a hash) may be provided to the Gravatar service to see if you are using it. The Gravatar service privacy policy is available here: https:\/\/automattic.com\/privacy\/. After approval of your comment, your profile picture is visible to the public in the context of your comment.<\/p>\n<!-- \/wp:paragraph -->\n<!-- wp:heading -->\n<h2 class=\"wp-block-heading\">Media<\/h2>\n<!-- \/wp:heading -->\n<!-- wp:paragraph -->\n<p><strong class=\"privacy-policy-tutorial\">Suggested text: <\/strong>If you upload images to the website, you should avoid uploading images with embedded location data (EXIF GPS) included. Visitors to the website can download and extract any location data from images on the website.<\/p>\n<!-- \/wp:paragraph -->\n<!-- wp:heading -->\n<h2 class=\"wp-block-heading\">Cookies<\/h2>\n<!-- \/wp:heading -->\n<!-- wp:paragraph -->\n<p><strong class=\"privacy-policy-tutorial\">Suggested text: <\/strong>If you leave a comment on our site you may opt-in to saving your name, email address and website in cookies. These are for your convenience so that you do not have to fill in your details again when you leave another comment. These cookies will last for one year.<\/p>\n<!-- \/wp:paragraph -->\n<!-- wp:paragraph -->\n<p>If you visit our login page, we will set a temporary cookie to determine if your browser accepts cookies. This cookie contains no personal data and is discarded when you close your browser.<\/p>\n<!-- \/wp:paragraph -->\n<!-- wp:paragraph -->\n<p>When you log in, we will also set up several cookies to save your login information and your screen display choices. Login cookies last for two days, and screen options cookies last for a year. If you select &quot;Remember Me&quot;, your login will persist for two weeks. If you log out of your account, the login cookies will be removed.<\/p>\n<!-- \/wp:paragraph -->\n<!-- wp:paragraph -->\n<p>If you edit or publish an article, an additional cookie will be saved in your browser. This cookie includes no personal data and simply indicates the post ID of the article you just edited. It expires after 1 day.<\/p>\n<!-- \/wp:paragraph -->\n<!-- wp:heading -->\n<h2 class=\"wp-block-heading\">Embedded content from other websites<\/h2>\n<!-- \/wp:heading -->\n<!-- wp:paragraph -->\n<p><strong class=\"privacy-policy-tutorial\">Suggested text: <\/strong>Articles on this site may include embedded content (e.g. videos, images, articles, etc.). Embedded content from other websites behaves in the exact same way as if the visitor has visited the other website.<\/p>\n<!-- \/wp:paragraph -->\n<!-- wp:paragraph -->\n<p>These websites may collect data about you, use cookies, embed additional third-party tracking, and monitor your interaction with that embedded content, including tracking your interaction with the embedded content if you have an account and are logged in to that website.<\/p>\n<!-- \/wp:paragraph -->\n<!-- wp:heading -->\n<h2 class=\"wp-block-heading\">Who we share your data with<\/h2>\n<!-- \/wp:heading -->\n<!-- wp:paragraph -->\n<p><strong class=\"privacy-policy-tutorial\">Suggested text: <\/strong>If you request a password reset, your IP address will be included in the reset email.<\/p>\n<!-- \/wp:paragraph -->\n<!-- wp:heading -->\n<h2 class=\"wp-block-heading\">How long we retain your data<\/h2>\n<!-- \/wp:heading -->\n<!-- wp:paragraph -->\n<p><strong class=\"privacy-policy-tutorial\">Suggested text: <\/strong>If you leave a comment, the comment and its metadata are retained indefinitely. This is so we can recognize and approve any follow-up comments automatically instead of holding them in a moderation queue.<\/p>\n<!-- \/wp:paragraph -->\n<!-- wp:paragraph -->\n<p>For users that register on our website (if any), we also store the personal information they provide in their user profile. All users can see, edit, or delete their personal information at any time (except they cannot change their username). Website administrators can also see and edit that information.<\/p>\n<!-- \/wp:paragraph -->\n<!-- wp:heading -->\n<h2 class=\"wp-block-heading\">What rights you have over your data<\/h2>\n<!-- \/wp:heading -->\n<!-- wp:paragraph -->\n<p><strong class=\"privacy-policy-tutorial\">Suggested text: <\/strong>If you have an account on this site, or have left comments, you can request to receive an exported file of the personal data we hold about you, including any data you have provided to us. You can also request that we erase any personal data we hold about you. This does not include any data we are obliged to keep for administrative, legal, or security purposes.<\/p>\n<!-- \/wp:paragraph -->\n<!-- wp:heading -->\n<h2 class=\"wp-block-heading\">Where your data is sent<\/h2>\n<!-- \/wp:heading -->\n<!-- wp:paragraph -->\n<p><strong class=\"privacy-policy-tutorial\">Suggested text: <\/strong>Visitor comments may be checked through an automated spam detection service.<\/p>\n<!-- \/wp:paragraph -->\n","_et_gb_content_width":"","footnotes":""},"class_list":["post-3","page","type-page","status-publish","hentry"],"yoast_head":"<!-- This site is optimized with the Yoast SEO plugin v27.4 - https:\/\/yoast.com\/product\/yoast-seo-wordpress\/ -->\n<title>Politique de confidentialit\u00e9 - Mathieu Corajod<\/title>\n<meta name=\"robots\" content=\"index, follow, max-snippet:-1, max-image-preview:large, max-video-preview:-1\" \/>\n<link rel=\"canonical\" href=\"https:\/\/mathieucorajod.com\/fr\/privacy-policy\/\" \/>\n<meta property=\"og:locale\" content=\"fr_FR\" \/>\n<meta property=\"og:type\" content=\"article\" \/>\n<meta property=\"og:title\" content=\"Politique de confidentialit\u00e9 - Mathieu Corajod\" \/>\n<meta property=\"og:description\" content=\"politique de confidentialit\u00e9La pr\u00e9sente Politique de confidentialit\u00e9 explique comment nous collectons, utilisons et prot\u00e9geons vos donn\u00e9es personnelles lorsque vous utilisez le site mathieucorajod.com exploit\u00e9 par Mathieu Corajod. 1. Responsable du traitement Le responsable du traitement des donn\u00e9es est :Mathieu CorajodContact : via le formulaire de contact du site ou par email \u00e0 l\u2019adresse figurant sur le site. 2. Donn\u00e9es personnelles collect\u00e9es Nous collectons uniquement les donn\u00e9es personnelles n\u00e9cessaires pour assurer le bon fonctionnement du site et la fourniture de nos services, par exemple : Informations transmises via le formulaire de contact (nom, pr\u00e9nom, email, t\u00e9l\u00e9phone, etc.). Donn\u00e9es techniques transmises automatiquement par votre navigateur (adresse IP, type de navigateur, pages visit\u00e9es, etc.). Donn\u00e9es li\u00e9es \u00e0 l\u2019utilisation de cookies et d\u2019outils d\u2019analyse. 3. Finalit\u00e9s du traitement Les donn\u00e9es sont utilis\u00e9es uniquement pour : R\u00e9pondre \u00e0 vos demandes de contact. Am\u00e9liorer le fonctionnement et la s\u00e9curit\u00e9 du site. Analyser l\u2019utilisation du site (statistiques anonymes). Respecter nos obligations l\u00e9gales. 4. Cookies et outils d\u2019analyse Notre site peut utiliser des cookies et services d\u2019analyse (par ex. Google Analytics). Vous pouvez configurer votre navigateur pour refuser les cookies ou \u00eatre inform\u00e9 lorsqu\u2019un cookie est enregistr\u00e9. Le refus de certains cookies peut limiter l\u2019utilisation du site.Changer les [&hellip;]\" \/>\n<meta property=\"og:url\" content=\"https:\/\/mathieucorajod.com\/fr\/privacy-policy\/\" \/>\n<meta property=\"og:site_name\" content=\"Mathieu Corajod\" \/>\n<meta property=\"article:publisher\" content=\"https:\/\/www.facebook.com\/mathieucorajod\" \/>\n<meta property=\"article:modified_time\" content=\"2025-09-09T16:47:41+00:00\" \/>\n<meta name=\"twitter:card\" content=\"summary_large_image\" \/>\n<meta name=\"twitter:label1\" content=\"Dur\u00e9e de lecture estim\u00e9e\" \/>\n\t<meta name=\"twitter:data1\" content=\"4 minutes\" \/>\n<script type=\"application\/ld+json\" class=\"yoast-schema-graph\">{\"@context\":\"https:\\\/\\\/schema.org\",\"@graph\":[{\"@type\":\"WebPage\",\"@id\":\"https:\\\/\\\/mathieucorajod.com\\\/fr\\\/privacy-policy\\\/\",\"url\":\"https:\\\/\\\/mathieucorajod.com\\\/fr\\\/privacy-policy\\\/\",\"name\":\"Politique de confidentialit\u00e9 - Mathieu Corajod\",\"isPartOf\":{\"@id\":\"https:\\\/\\\/mathieucorajod.com\\\/fr\\\/#website\"},\"datePublished\":\"2025-07-08T07:06:55+00:00\",\"dateModified\":\"2025-09-09T16:47:41+00:00\",\"breadcrumb\":{\"@id\":\"https:\\\/\\\/mathieucorajod.com\\\/fr\\\/privacy-policy\\\/#breadcrumb\"},\"inLanguage\":\"fr-FR\",\"potentialAction\":[{\"@type\":\"ReadAction\",\"target\":[\"https:\\\/\\\/mathieucorajod.com\\\/fr\\\/privacy-policy\\\/\"]}]},{\"@type\":\"BreadcrumbList\",\"@id\":\"https:\\\/\\\/mathieucorajod.com\\\/fr\\\/privacy-policy\\\/#breadcrumb\",\"itemListElement\":[{\"@type\":\"ListItem\",\"position\":1,\"name\":\"Accueil\",\"item\":\"https:\\\/\\\/mathieucorajod.com\\\/fr\\\/\"},{\"@type\":\"ListItem\",\"position\":2,\"name\":\"Politique de confidentialit\u00e9\"}]},{\"@type\":\"WebSite\",\"@id\":\"https:\\\/\\\/mathieucorajod.com\\\/fr\\\/#website\",\"url\":\"https:\\\/\\\/mathieucorajod.com\\\/fr\\\/\",\"name\":\"Mathieu Corajod\",\"description\":\"Compositeur, metteur en sc\u00e8ne et chor\u00e9graphe franco-suisse.\",\"publisher\":{\"@id\":\"https:\\\/\\\/mathieucorajod.com\\\/fr\\\/#organization\"},\"potentialAction\":[{\"@type\":\"SearchAction\",\"target\":{\"@type\":\"EntryPoint\",\"urlTemplate\":\"https:\\\/\\\/mathieucorajod.com\\\/fr\\\/?s={search_term_string}\"},\"query-input\":{\"@type\":\"PropertyValueSpecification\",\"valueRequired\":true,\"valueName\":\"search_term_string\"}}],\"inLanguage\":\"fr-FR\"},{\"@type\":\"Organization\",\"@id\":\"https:\\\/\\\/mathieucorajod.com\\\/fr\\\/#organization\",\"name\":\"Mathieu Corajod\",\"url\":\"https:\\\/\\\/mathieucorajod.com\\\/fr\\\/\",\"logo\":{\"@type\":\"ImageObject\",\"inLanguage\":\"fr-FR\",\"@id\":\"https:\\\/\\\/mathieucorajod.com\\\/fr\\\/#\\\/schema\\\/logo\\\/image\\\/\",\"url\":\"https:\\\/\\\/mathieucorajod.com\\\/wp-content\\\/uploads\\\/2025\\\/08\\\/Capture-decran-2025-08-17-a-14.54.26.png\",\"contentUrl\":\"https:\\\/\\\/mathieucorajod.com\\\/wp-content\\\/uploads\\\/2025\\\/08\\\/Capture-decran-2025-08-17-a-14.54.26.png\",\"width\":382,\"height\":78,\"caption\":\"Mathieu Corajod\"},\"image\":{\"@id\":\"https:\\\/\\\/mathieucorajod.com\\\/fr\\\/#\\\/schema\\\/logo\\\/image\\\/\"},\"sameAs\":[\"https:\\\/\\\/www.facebook.com\\\/mathieucorajod\",\"https:\\\/\\\/www.youtube.com\\\/@mathieucorajod538\",\"https:\\\/\\\/soundcloud.com\\\/mathieu-corajod\",\"https:\\\/\\\/www.instagram.com\\\/mathieu_corajod\\\/\",\"https:\\\/\\\/mastodon.social\\\/@mathieucorajod\"]}]}<\/script>\n<!-- \/ Yoast SEO plugin. -->","yoast_head_json":{"title":"Politique de confidentialit\u00e9 - Mathieu Corajod","robots":{"index":"index","follow":"follow","max-snippet":"max-snippet:-1","max-image-preview":"max-image-preview:large","max-video-preview":"max-video-preview:-1"},"canonical":"https:\/\/mathieucorajod.com\/fr\/privacy-policy\/","og_locale":"fr_FR","og_type":"article","og_title":"Politique de confidentialit\u00e9 - Mathieu Corajod","og_description":"politique de confidentialit\u00e9La pr\u00e9sente Politique de confidentialit\u00e9 explique comment nous collectons, utilisons et prot\u00e9geons vos donn\u00e9es personnelles lorsque vous utilisez le site mathieucorajod.com exploit\u00e9 par Mathieu Corajod. 1. Responsable du traitement Le responsable du traitement des donn\u00e9es est :Mathieu CorajodContact : via le formulaire de contact du site ou par email \u00e0 l\u2019adresse figurant sur le site. 2. Donn\u00e9es personnelles collect\u00e9es Nous collectons uniquement les donn\u00e9es personnelles n\u00e9cessaires pour assurer le bon fonctionnement du site et la fourniture de nos services, par exemple : Informations transmises via le formulaire de contact (nom, pr\u00e9nom, email, t\u00e9l\u00e9phone, etc.). Donn\u00e9es techniques transmises automatiquement par votre navigateur (adresse IP, type de navigateur, pages visit\u00e9es, etc.). Donn\u00e9es li\u00e9es \u00e0 l\u2019utilisation de cookies et d\u2019outils d\u2019analyse. 3. Finalit\u00e9s du traitement Les donn\u00e9es sont utilis\u00e9es uniquement pour : R\u00e9pondre \u00e0 vos demandes de contact. Am\u00e9liorer le fonctionnement et la s\u00e9curit\u00e9 du site. Analyser l\u2019utilisation du site (statistiques anonymes). Respecter nos obligations l\u00e9gales. 4. Cookies et outils d\u2019analyse Notre site peut utiliser des cookies et services d\u2019analyse (par ex. Google Analytics). Vous pouvez configurer votre navigateur pour refuser les cookies ou \u00eatre inform\u00e9 lorsqu\u2019un cookie est enregistr\u00e9. Le refus de certains cookies peut limiter l\u2019utilisation du site.Changer les [&hellip;]","og_url":"https:\/\/mathieucorajod.com\/fr\/privacy-policy\/","og_site_name":"Mathieu Corajod","article_publisher":"https:\/\/www.facebook.com\/mathieucorajod","article_modified_time":"2025-09-09T16:47:41+00:00","twitter_card":"summary_large_image","twitter_misc":{"Dur\u00e9e de lecture estim\u00e9e":"4 minutes"},"schema":{"@context":"https:\/\/schema.org","@graph":[{"@type":"WebPage","@id":"https:\/\/mathieucorajod.com\/fr\/privacy-policy\/","url":"https:\/\/mathieucorajod.com\/fr\/privacy-policy\/","name":"Politique de confidentialit\u00e9 - Mathieu Corajod","isPartOf":{"@id":"https:\/\/mathieucorajod.com\/fr\/#website"},"datePublished":"2025-07-08T07:06:55+00:00","dateModified":"2025-09-09T16:47:41+00:00","breadcrumb":{"@id":"https:\/\/mathieucorajod.com\/fr\/privacy-policy\/#breadcrumb"},"inLanguage":"fr-FR","potentialAction":[{"@type":"ReadAction","target":["https:\/\/mathieucorajod.com\/fr\/privacy-policy\/"]}]},{"@type":"BreadcrumbList","@id":"https:\/\/mathieucorajod.com\/fr\/privacy-policy\/#breadcrumb","itemListElement":[{"@type":"ListItem","position":1,"name":"Accueil","item":"https:\/\/mathieucorajod.com\/fr\/"},{"@type":"ListItem","position":2,"name":"Politique de confidentialit\u00e9"}]},{"@type":"WebSite","@id":"https:\/\/mathieucorajod.com\/fr\/#website","url":"https:\/\/mathieucorajod.com\/fr\/","name":"Mathieu Corajod","description":"Compositeur, metteur en sc\u00e8ne et chor\u00e9graphe franco-suisse.","publisher":{"@id":"https:\/\/mathieucorajod.com\/fr\/#organization"},"potentialAction":[{"@type":"SearchAction","target":{"@type":"EntryPoint","urlTemplate":"https:\/\/mathieucorajod.com\/fr\/?s={search_term_string}"},"query-input":{"@type":"PropertyValueSpecification","valueRequired":true,"valueName":"search_term_string"}}],"inLanguage":"fr-FR"},{"@type":"Organization","@id":"https:\/\/mathieucorajod.com\/fr\/#organization","name":"Mathieu Corajod","url":"https:\/\/mathieucorajod.com\/fr\/","logo":{"@type":"ImageObject","inLanguage":"fr-FR","@id":"https:\/\/mathieucorajod.com\/fr\/#\/schema\/logo\/image\/","url":"https:\/\/mathieucorajod.com\/wp-content\/uploads\/2025\/08\/Capture-decran-2025-08-17-a-14.54.26.png","contentUrl":"https:\/\/mathieucorajod.com\/wp-content\/uploads\/2025\/08\/Capture-decran-2025-08-17-a-14.54.26.png","width":382,"height":78,"caption":"Mathieu Corajod"},"image":{"@id":"https:\/\/mathieucorajod.com\/fr\/#\/schema\/logo\/image\/"},"sameAs":["https:\/\/www.facebook.com\/mathieucorajod","https:\/\/www.youtube.com\/@mathieucorajod538","https:\/\/soundcloud.com\/mathieu-corajod","https:\/\/www.instagram.com\/mathieu_corajod\/","https:\/\/mastodon.social\/@mathieucorajod"]}]}},"_links":{"self":[{"href":"https:\/\/mathieucorajod.com\/fr\/wp-json\/wp\/v2\/pages\/3","targetHints":{"allow":["GET"]}}],"collection":[{"href":"https:\/\/mathieucorajod.com\/fr\/wp-json\/wp\/v2\/pages"}],"about":[{"href":"https:\/\/mathieucorajod.com\/fr\/wp-json\/wp\/v2\/types\/page"}],"author":[{"embeddable":true,"href":"https:\/\/mathieucorajod.com\/fr\/wp-json\/wp\/v2\/users\/1"}],"replies":[{"embeddable":true,"href":"https:\/\/mathieucorajod.com\/fr\/wp-json\/wp\/v2\/comments?post=3"}],"version-history":[{"count":8,"href":"https:\/\/mathieucorajod.com\/fr\/wp-json\/wp\/v2\/pages\/3\/revisions"}],"predecessor-version":[{"id":88925,"href":"https:\/\/mathieucorajod.com\/fr\/wp-json\/wp\/v2\/pages\/3\/revisions\/88925"}],"wp:attachment":[{"href":"https:\/\/mathieucorajod.com\/fr\/wp-json\/wp\/v2\/media?parent=3"}],"curies":[{"name":"wp","href":"https:\/\/api.w.org\/{rel}","templated":true}]}}